{"id":43,"date":"2025-10-09T09:42:38","date_gmt":"2025-10-09T09:42:38","guid":{"rendered":"https:\/\/armoniapartments.hu\/?page_id=43"},"modified":"2026-04-16T09:17:33","modified_gmt":"2026-04-16T09:17:33","slug":"foglalas","status":"publish","type":"page","link":"https:\/\/armoniapartments.hu\/de\/foglalas\/","title":{"rendered":"Buchung"},"content":{"rendered":"<div data-elementor-type=\"wp-page\" data-elementor-id=\"43\" class=\"elementor elementor-43\" data-elementor-post-type=\"page\">\n\t\t\t\t\t\t<section class=\"elementor-section elementor-top-section elementor-element elementor-element-311f6a6 elementor-section-full_width elementor-section-height-min-height elementor-section-height-default elementor-section-items-middle\" data-id=\"311f6a6\" data-element_type=\"section\">\n\t\t\t\t\t\t<div class=\"elementor-container elementor-column-gap-no\">\n\t\t\t\t\t<div class=\"elementor-column elementor-col-100 elementor-top-column elementor-element elementor-element-0f72d40\" data-id=\"0f72d40\" data-element_type=\"column\">\n\t\t\t<div class=\"elementor-widget-wrap elementor-element-populated\">\n\t\t\t\t\t\t<div class=\"elementor-element elementor-element-37cd8e5 elementor--h-position-center elementor--v-position-middle elementor-arrows-position-inside elementor-pagination-position-inside elementor-widget elementor-widget-slides\" data-id=\"37cd8e5\" data-element_type=\"widget\" data-settings=\"{&quot;navigation&quot;:&quot;both&quot;,&quot;autoplay&quot;:&quot;yes&quot;,&quot;pause_on_hover&quot;:&quot;yes&quot;,&quot;pause_on_interaction&quot;:&quot;yes&quot;,&quot;autoplay_speed&quot;:5000,&quot;infinite&quot;:&quot;yes&quot;,&quot;transition&quot;:&quot;slide&quot;,&quot;transition_speed&quot;:500}\" data-widget_type=\"slides.default\">\n\t\t\t\t\t\t\t\t\t\t<div class=\"elementor-slides-wrapper elementor-main-swiper swiper\" role=\"region\" aria-roledescription=\"carousel\" aria-label=\"Slides\" dir=\"ltr\" data-animation=\"fadeInUp\">\n\t\t\t\t<div class=\"swiper-wrapper elementor-slides\">\n\t\t\t\t\t\t\t\t\t\t<div class=\"elementor-repeater-item-db2439c swiper-slide\" role=\"group\" aria-roledescription=\"slide\"><div class=\"swiper-slide-bg\" role=\"img\" aria-label=\"LV4A1334-HDR\"><\/div><div class=\"elementor-background-overlay\"><\/div><div class=\"swiper-slide-inner\" ><div class=\"swiper-slide-contents\"><\/div><\/div><\/div>\t\t\t\t<\/div>\n\t\t\t\t\t\t\t<\/div>\n\t\t\t\t\t\t\t\t<\/div>\n\t\t\t\t\t<\/div>\n\t\t<\/div>\n\t\t\t\t\t<\/div>\n\t\t<\/section>\n\t\t\t\t<section class=\"elementor-section elementor-top-section elementor-element elementor-element-81b0d1c elementor-section-boxed elementor-section-height-default elementor-section-height-default\" data-id=\"81b0d1c\" data-element_type=\"section\">\n\t\t\t\t\t\t<div class=\"elementor-container elementor-column-gap-default\">\n\t\t\t\t\t<div class=\"elementor-column elementor-col-100 elementor-top-column elementor-element elementor-element-35a9fba\" data-id=\"35a9fba\" data-element_type=\"column\">\n\t\t\t<div class=\"elementor-widget-wrap elementor-element-populated\">\n\t\t\t\t\t\t<div class=\"elementor-element elementor-element-bc68d1c elementor-widget elementor-widget-image\" data-id=\"bc68d1c\" data-element_type=\"widget\" data-widget_type=\"image.default\">\n\t\t\t\t\t\t\t\t\t\t\t\t\t\t\t<img fetchpriority=\"high\" decoding=\"async\" width=\"800\" height=\"800\" src=\"https:\/\/armoniapartments.hu\/wp-content\/uploads\/2025\/10\/armoni-logo_9-1024x1024.png\" class=\"attachment-large size-large wp-image-17\" alt=\"\" srcset=\"https:\/\/armoniapartments.hu\/wp-content\/uploads\/2025\/10\/armoni-logo_9-1024x1024.png 1024w, https:\/\/armoniapartments.hu\/wp-content\/uploads\/2025\/10\/armoni-logo_9-300x300.png 300w, https:\/\/armoniapartments.hu\/wp-content\/uploads\/2025\/10\/armoni-logo_9-150x150.png 150w, https:\/\/armoniapartments.hu\/wp-content\/uploads\/2025\/10\/armoni-logo_9-768x768.png 768w, https:\/\/armoniapartments.hu\/wp-content\/uploads\/2025\/10\/armoni-logo_9-1536x1536.png 1536w, https:\/\/armoniapartments.hu\/wp-content\/uploads\/2025\/10\/armoni-logo_9-2048x2048.png 2048w\" sizes=\"(max-width: 800px) 100vw, 800px\" \/>\t\t\t\t\t\t\t\t\t\t\t\t\t\t\t<\/div>\n\t\t\t\t<div class=\"elementor-element elementor-element-f1a50a2 elementor-widget elementor-widget-heading\" data-id=\"f1a50a2\" data-element_type=\"widget\" data-widget_type=\"heading.default\">\n\t\t\t\t\t<h3 class=\"elementor-heading-title elementor-size-default\">Buchung<\/h3>\t\t\t\t<\/div>\n\t\t\t\t\t<\/div>\n\t\t<\/div>\n\t\t\t\t\t<\/div>\n\t\t<\/section>\n\t\t\t\t<section class=\"elementor-section elementor-top-section elementor-element elementor-element-9ce4c20 elementor-section-boxed elementor-section-height-default elementor-section-height-default\" data-id=\"9ce4c20\" data-element_type=\"section\">\n\t\t\t\t\t\t<div class=\"elementor-container elementor-column-gap-default\">\n\t\t\t\t\t<div class=\"elementor-column elementor-col-100 elementor-top-column elementor-element elementor-element-799143c\" data-id=\"799143c\" data-element_type=\"column\">\n\t\t\t<div class=\"elementor-widget-wrap elementor-element-populated\">\n\t\t\t\t\t\t<div class=\"elementor-element elementor-element-147f812 elementor-widget elementor-widget-html\" data-id=\"147f812\" data-element_type=\"widget\" data-widget_type=\"html.default\">\n\t\t\t\t\t<div id=\"apartmentIframeAll\"><\/div>\r\n\r\n<script type=\"text\/javascript\" src=\"https:\/\/login.smoobu.com\/js\/Settings\/BookingToolIframe.js\"><\/script>\r\n<script>\r\n  BookingToolIframe.initialize({\r\n    \"url\": \"https:\/\/login.smoobu.com\/en\/booking-tool\/iframe\/757457?apartmentGroups[]=2694408&apartmentGroups[]=2694413&apartmentGroups[]=1984601\",\r\n    \"baseUrl\": \"https:\/\/login.smoobu.com\/\",\r\n    \"target\": \"#apartmentIframeAll\"\r\n  });\r\n<\/script>\t\t\t\t<\/div>\n\t\t\t\t\t<\/div>\n\t\t<\/div>\n\t\t\t\t\t<\/div>\n\t\t<\/section>\n\t\t\t\t<section class=\"elementor-section elementor-top-section elementor-element elementor-element-09742dc elementor-section-boxed elementor-section-height-default elementor-section-height-default\" data-id=\"09742dc\" data-element_type=\"section\">\n\t\t\t\t\t\t<div class=\"elementor-container elementor-column-gap-default\">\n\t\t\t\t\t<div class=\"elementor-column elementor-col-50 elementor-top-column elementor-element elementor-element-b56e011\" data-id=\"b56e011\" data-element_type=\"column\">\n\t\t\t<div class=\"elementor-widget-wrap elementor-element-populated\">\n\t\t\t\t\t\t<div class=\"elementor-element elementor-element-fb5dfcb elementor-widget__width-inherit elementor-invisible elementor-widget elementor-widget-image\" data-id=\"fb5dfcb\" data-element_type=\"widget\" data-settings=\"{&quot;_animation&quot;:&quot;fadeInLeft&quot;}\" data-widget_type=\"image.default\">\n\t\t\t\t\t\t\t\t\t\t\t\t\t\t\t<img decoding=\"async\" width=\"1784\" height=\"1124\" src=\"https:\/\/armoniapartments.hu\/wp-content\/uploads\/2025\/10\/LV4A0062-HDR.jpg\" class=\"attachment-full size-full wp-image-415\" alt=\"\" srcset=\"https:\/\/armoniapartments.hu\/wp-content\/uploads\/2025\/10\/LV4A0062-HDR.jpg 1784w, https:\/\/armoniapartments.hu\/wp-content\/uploads\/2025\/10\/LV4A0062-HDR-300x189.jpg 300w, https:\/\/armoniapartments.hu\/wp-content\/uploads\/2025\/10\/LV4A0062-HDR-1024x645.jpg 1024w, https:\/\/armoniapartments.hu\/wp-content\/uploads\/2025\/10\/LV4A0062-HDR-768x484.jpg 768w, https:\/\/armoniapartments.hu\/wp-content\/uploads\/2025\/10\/LV4A0062-HDR-1536x968.jpg 1536w\" sizes=\"(max-width: 1784px) 100vw, 1784px\" \/>\t\t\t\t\t\t\t\t\t\t\t\t\t\t\t<\/div>\n\t\t\t\t\t<\/div>\n\t\t<\/div>\n\t\t\t\t<div class=\"elementor-column elementor-col-50 elementor-top-column elementor-element elementor-element-f569ae5\" data-id=\"f569ae5\" data-element_type=\"column\">\n\t\t\t<div class=\"elementor-widget-wrap elementor-element-populated\">\n\t\t\t\t\t\t<div class=\"elementor-element elementor-element-58e001a elementor-widget elementor-widget-heading\" data-id=\"58e001a\" data-element_type=\"widget\" data-widget_type=\"heading.default\">\n\t\t\t\t\t<h3 class=\"elementor-heading-title elementor-size-default\">Armoni- Escape<\/h3>\t\t\t\t<\/div>\n\t\t\t\t<div class=\"elementor-element elementor-element-2758b93 elementor-widget elementor-widget-text-editor\" data-id=\"2758b93\" data-element_type=\"widget\" data-widget_type=\"text-editor.default\">\n\t\t\t\t\t\t\t\t\t<p>Das Escape Apartment ist ein Ort der ruhigen Auszeit. Sein klares und zugleich charakterstarkes Design hilft dabei.<\/p>\t\t\t\t\t\t\t\t<\/div>\n\t\t\t\t<div class=\"elementor-element elementor-element-f07ce89 elementor-widget elementor-widget-button\" data-id=\"f07ce89\" data-element_type=\"widget\" data-widget_type=\"button.default\">\n\t\t\t\t\t\t\t\t\t\t<a class=\"elementor-button elementor-button-link elementor-size-sm\" href=\"https:\/\/armoniapartments.hu\/de\/armoni-escape\/\">\n\t\t\t\t\t\t<span class=\"elementor-button-content-wrapper\">\n\t\t\t\t\t\t\t\t\t<span class=\"elementor-button-text\">Apartment ansehen<\/span>\n\t\t\t\t\t<\/span>\n\t\t\t\t\t<\/a>\n\t\t\t\t\t\t\t\t<\/div>\n\t\t\t\t\t<\/div>\n\t\t<\/div>\n\t\t\t\t\t<\/div>\n\t\t<\/section>\n\t\t\t\t<section class=\"elementor-section elementor-top-section elementor-element elementor-element-fb409c6 elementor-reverse-mobile elementor-section-boxed elementor-section-height-default elementor-section-height-default\" data-id=\"fb409c6\" data-element_type=\"section\">\n\t\t\t\t\t\t<div class=\"elementor-container elementor-column-gap-default\">\n\t\t\t\t\t<div class=\"elementor-column elementor-col-50 elementor-top-column elementor-element elementor-element-84e58d3\" data-id=\"84e58d3\" data-element_type=\"column\">\n\t\t\t<div class=\"elementor-widget-wrap elementor-element-populated\">\n\t\t\t\t\t\t<div class=\"elementor-element elementor-element-5722350 elementor-widget elementor-widget-heading\" data-id=\"5722350\" data-element_type=\"widget\" data-widget_type=\"heading.default\">\n\t\t\t\t\t<h3 class=\"elementor-heading-title elementor-size-default\">Armoni- Bliss<\/h3>\t\t\t\t<\/div>\n\t\t\t\t<div class=\"elementor-element elementor-element-bc2fc7d elementor-widget elementor-widget-text-editor\" data-id=\"bc2fc7d\" data-element_type=\"widget\" data-widget_type=\"text-editor.default\">\n\t\t\t\t\t\t\t\t\t<p>Das Bliss Apartment ist ein Zuhause voller Leichtigkeit und Lebensfreude. Helle Farben, nat\u00fcrliche Materialien und freundliche R\u00e4ume helfen dabei, dem hektischen Alltag zu entfliehen.<\/p>\t\t\t\t\t\t\t\t<\/div>\n\t\t\t\t<div class=\"elementor-element elementor-element-d5a90ec elementor-widget elementor-widget-button\" data-id=\"d5a90ec\" data-element_type=\"widget\" data-widget_type=\"button.default\">\n\t\t\t\t\t\t\t\t\t\t<a class=\"elementor-button elementor-button-link elementor-size-sm\" href=\"https:\/\/armoniapartments.hu\/de\/armoni-bliss\/\">\n\t\t\t\t\t\t<span class=\"elementor-button-content-wrapper\">\n\t\t\t\t\t\t\t\t\t<span class=\"elementor-button-text\">Apartment ansehen<\/span>\n\t\t\t\t\t<\/span>\n\t\t\t\t\t<\/a>\n\t\t\t\t\t\t\t\t<\/div>\n\t\t\t\t\t<\/div>\n\t\t<\/div>\n\t\t\t\t<div class=\"elementor-column elementor-col-50 elementor-top-column elementor-element elementor-element-c51dc36\" data-id=\"c51dc36\" data-element_type=\"column\">\n\t\t\t<div class=\"elementor-widget-wrap elementor-element-populated\">\n\t\t\t\t\t\t<div class=\"elementor-element elementor-element-d273ccc elementor-widget__width-inherit elementor-invisible elementor-widget elementor-widget-image\" data-id=\"d273ccc\" data-element_type=\"widget\" data-settings=\"{&quot;_animation&quot;:&quot;fadeInRight&quot;}\" data-widget_type=\"image.default\">\n\t\t\t\t\t\t\t\t\t\t\t\t\t\t\t<img decoding=\"async\" width=\"1518\" height=\"929\" src=\"https:\/\/armoniapartments.hu\/wp-content\/uploads\/2025\/10\/LV4A0158-HDR.jpg\" class=\"attachment-full size-full wp-image-123\" alt=\"\" srcset=\"https:\/\/armoniapartments.hu\/wp-content\/uploads\/2025\/10\/LV4A0158-HDR.jpg 1518w, https:\/\/armoniapartments.hu\/wp-content\/uploads\/2025\/10\/LV4A0158-HDR-300x184.jpg 300w, https:\/\/armoniapartments.hu\/wp-content\/uploads\/2025\/10\/LV4A0158-HDR-1024x627.jpg 1024w, https:\/\/armoniapartments.hu\/wp-content\/uploads\/2025\/10\/LV4A0158-HDR-768x470.jpg 768w\" sizes=\"(max-width: 1518px) 100vw, 1518px\" \/>\t\t\t\t\t\t\t\t\t\t\t\t\t\t\t<\/div>\n\t\t\t\t\t<\/div>\n\t\t<\/div>\n\t\t\t\t\t<\/div>\n\t\t<\/section>\n\t\t\t\t<section class=\"elementor-section elementor-top-section elementor-element elementor-element-c6cff08 elementor-section-boxed elementor-section-height-default elementor-section-height-default\" data-id=\"c6cff08\" data-element_type=\"section\">\n\t\t\t\t\t\t<div class=\"elementor-container elementor-column-gap-default\">\n\t\t\t\t\t<div class=\"elementor-column elementor-col-50 elementor-top-column elementor-element elementor-element-f9c795d\" data-id=\"f9c795d\" data-element_type=\"column\">\n\t\t\t<div class=\"elementor-widget-wrap elementor-element-populated\">\n\t\t\t\t\t\t<div class=\"elementor-element elementor-element-cbe71ae elementor-widget__width-inherit elementor-invisible elementor-widget elementor-widget-image\" data-id=\"cbe71ae\" data-element_type=\"widget\" data-settings=\"{&quot;_animation&quot;:&quot;fadeInLeft&quot;}\" data-widget_type=\"image.default\">\n\t\t\t\t\t\t\t\t\t\t\t\t\t\t\t<img loading=\"lazy\" decoding=\"async\" width=\"1633\" height=\"1068\" src=\"https:\/\/armoniapartments.hu\/wp-content\/uploads\/2025\/10\/LV4A1352-HDR.jpg\" class=\"attachment-full size-full wp-image-458\" alt=\"\" srcset=\"https:\/\/armoniapartments.hu\/wp-content\/uploads\/2025\/10\/LV4A1352-HDR.jpg 1633w, https:\/\/armoniapartments.hu\/wp-content\/uploads\/2025\/10\/LV4A1352-HDR-300x196.jpg 300w, https:\/\/armoniapartments.hu\/wp-content\/uploads\/2025\/10\/LV4A1352-HDR-1024x670.jpg 1024w, https:\/\/armoniapartments.hu\/wp-content\/uploads\/2025\/10\/LV4A1352-HDR-768x502.jpg 768w, https:\/\/armoniapartments.hu\/wp-content\/uploads\/2025\/10\/LV4A1352-HDR-1536x1005.jpg 1536w\" sizes=\"(max-width: 1633px) 100vw, 1633px\" \/>\t\t\t\t\t\t\t\t\t\t\t\t\t\t\t<\/div>\n\t\t\t\t\t<\/div>\n\t\t<\/div>\n\t\t\t\t<div class=\"elementor-column elementor-col-50 elementor-top-column elementor-element elementor-element-e3b2508\" data-id=\"e3b2508\" data-element_type=\"column\">\n\t\t\t<div class=\"elementor-widget-wrap elementor-element-populated\">\n\t\t\t\t\t\t<div class=\"elementor-element elementor-element-890fc58 elementor-widget elementor-widget-heading\" data-id=\"890fc58\" data-element_type=\"widget\" data-widget_type=\"heading.default\">\n\t\t\t\t\t<h3 class=\"elementor-heading-title elementor-size-default\">Armoni- Safit Mandala<\/h3>\t\t\t\t<\/div>\n\t\t\t\t<div class=\"elementor-element elementor-element-3969941 elementor-widget elementor-widget-text-editor\" data-id=\"3969941\" data-element_type=\"widget\" data-widget_type=\"text-editor.default\">\n\t\t\t\t\t\t\t\t\t<p>Das Safit Mandala ist ein Ort der Ruhe und Ausgeglichenheit.<\/p>\t\t\t\t\t\t\t\t<\/div>\n\t\t\t\t<div class=\"elementor-element elementor-element-afb963d elementor-widget elementor-widget-button\" data-id=\"afb963d\" data-element_type=\"widget\" data-widget_type=\"button.default\">\n\t\t\t\t\t\t\t\t\t\t<a class=\"elementor-button elementor-button-link elementor-size-sm\" href=\"https:\/\/armoniapartments.hu\/de\/armoni-safit-mandala\/\">\n\t\t\t\t\t\t<span class=\"elementor-button-content-wrapper\">\n\t\t\t\t\t\t\t\t\t<span class=\"elementor-button-text\">Apartment ansehen<\/span>\n\t\t\t\t\t<\/span>\n\t\t\t\t\t<\/a>\n\t\t\t\t\t\t\t\t<\/div>\n\t\t\t\t\t<\/div>\n\t\t<\/div>\n\t\t\t\t\t<\/div>\n\t\t<\/section>\n\t\t\t\t<\/div>","protected":false},"excerpt":{"rendered":"<p>Foglal\u00e1s Armoni- Escape Az Escape apartman a csendes elvonul\u00e1s helye. Letisztult, m\u00e9gis karakteres st\u00edlusa seg\u00edt kiszakadni a mindennapokb\u00f3l. Tov\u00e1bb az apartmanhoz Armoni- Bliss A Bliss apartman a k\u00f6nnyeds\u00e9g \u00e9s a der\u0171 otthona. Vil\u00e1gos sz\u00ednei, term\u00e9szetes anyagai \u00e9s bar\u00e1ts\u00e1gos terei teszik otthonoss\u00e1. Tov\u00e1bb az apartmanhoz Armoni- Safit Mandala A Safit Mandala a nyugalom \u00e9s a kiegyens\u00falyozotts\u00e1g [&hellip;]<\/p>\n","protected":false},"author":1,"featured_media":0,"parent":0,"menu_order":0,"comment_status":"closed","ping_status":"closed","template":"","meta":{"footnotes":""},"class_list":["post-43","page","type-page","status-publish","hentry"],"_links":{"self":[{"href":"https:\/\/armoniapartments.hu\/de\/wp-json\/wp\/v2\/pages\/43","targetHints":{"allow":["GET"]}}],"collection":[{"href":"https:\/\/armoniapartments.hu\/de\/wp-json\/wp\/v2\/pages"}],"about":[{"href":"https:\/\/armoniapartments.hu\/de\/wp-json\/wp\/v2\/types\/page"}],"author":[{"embeddable":true,"href":"https:\/\/armoniapartments.hu\/de\/wp-json\/wp\/v2\/users\/1"}],"replies":[{"embeddable":true,"href":"https:\/\/armoniapartments.hu\/de\/wp-json\/wp\/v2\/comments?post=43"}],"version-history":[{"count":76,"href":"https:\/\/armoniapartments.hu\/de\/wp-json\/wp\/v2\/pages\/43\/revisions"}],"predecessor-version":[{"id":1620,"href":"https:\/\/armoniapartments.hu\/de\/wp-json\/wp\/v2\/pages\/43\/revisions\/1620"}],"wp:attachment":[{"href":"https:\/\/armoniapartments.hu\/de\/wp-json\/wp\/v2\/media?parent=43"}],"curies":[{"name":"wp","href":"https:\/\/api.w.org\/{rel}","templated":true}]}}