{"id":38,"date":"2025-10-09T09:42:19","date_gmt":"2025-10-09T09:42:19","guid":{"rendered":"https:\/\/armoniapartments.hu\/?page_id=38"},"modified":"2025-11-18T13:54:03","modified_gmt":"2025-11-18T13:54:03","slug":"informaciok","status":"publish","type":"page","link":"https:\/\/armoniapartments.hu\/de\/informaciok\/","title":{"rendered":"Informationen"},"content":{"rendered":"<div data-elementor-type=\"wp-page\" data-elementor-id=\"38\" class=\"elementor elementor-38\" data-elementor-post-type=\"page\">\n\t\t\t\t\t\t<section class=\"elementor-section elementor-top-section elementor-element elementor-element-793aadd elementor-section-full_width elementor-section-height-min-height elementor-section-height-default elementor-section-items-middle\" data-id=\"793aadd\" data-element_type=\"section\">\n\t\t\t\t\t\t<div class=\"elementor-container elementor-column-gap-no\">\n\t\t\t\t\t<div class=\"elementor-column elementor-col-100 elementor-top-column elementor-element elementor-element-2653bcb\" data-id=\"2653bcb\" data-element_type=\"column\">\n\t\t\t<div class=\"elementor-widget-wrap elementor-element-populated\">\n\t\t\t\t\t\t<div class=\"elementor-element elementor-element-df50fc7 elementor--h-position-center elementor--v-position-middle elementor-arrows-position-inside elementor-pagination-position-inside elementor-widget elementor-widget-slides\" data-id=\"df50fc7\" data-element_type=\"widget\" data-settings=\"{&quot;navigation&quot;:&quot;both&quot;,&quot;autoplay&quot;:&quot;yes&quot;,&quot;pause_on_hover&quot;:&quot;yes&quot;,&quot;pause_on_interaction&quot;:&quot;yes&quot;,&quot;autoplay_speed&quot;:5000,&quot;infinite&quot;:&quot;yes&quot;,&quot;transition&quot;:&quot;slide&quot;,&quot;transition_speed&quot;:500}\" data-widget_type=\"slides.default\">\n\t\t\t\t\t\t\t\t\t\t<div class=\"elementor-slides-wrapper elementor-main-swiper swiper\" role=\"region\" aria-roledescription=\"carousel\" aria-label=\"Slides\" dir=\"ltr\" data-animation=\"fadeInUp\">\n\t\t\t\t<div class=\"swiper-wrapper elementor-slides\">\n\t\t\t\t\t\t\t\t\t\t<div class=\"elementor-repeater-item-db2439c swiper-slide\" role=\"group\" aria-roledescription=\"slide\"><div class=\"swiper-slide-bg\" role=\"img\" aria-label=\"LV4A1394-fekvo\"><\/div><div class=\"elementor-background-overlay\"><\/div><div class=\"swiper-slide-inner\" ><div class=\"swiper-slide-contents\"><\/div><\/div><\/div>\t\t\t\t<\/div>\n\t\t\t\t\t\t\t<\/div>\n\t\t\t\t\t\t\t\t<\/div>\n\t\t\t\t\t<\/div>\n\t\t<\/div>\n\t\t\t\t\t<\/div>\n\t\t<\/section>\n\t\t\t\t<section class=\"elementor-section elementor-top-section elementor-element elementor-element-78daa64 elementor-section-boxed elementor-section-height-default elementor-section-height-default\" data-id=\"78daa64\" data-element_type=\"section\">\n\t\t\t\t\t\t<div class=\"elementor-container elementor-column-gap-default\">\n\t\t\t\t\t<div class=\"elementor-column elementor-col-100 elementor-top-column elementor-element elementor-element-7af3524\" data-id=\"7af3524\" data-element_type=\"column\">\n\t\t\t<div class=\"elementor-widget-wrap elementor-element-populated\">\n\t\t\t\t\t\t<div class=\"elementor-element elementor-element-2774619 elementor-widget elementor-widget-image\" data-id=\"2774619\" data-element_type=\"widget\" data-widget_type=\"image.default\">\n\t\t\t\t\t\t\t\t\t\t\t\t\t\t\t<img fetchpriority=\"high\" decoding=\"async\" width=\"800\" height=\"800\" src=\"https:\/\/armoniapartments.hu\/wp-content\/uploads\/2025\/10\/armoni-logo_9-1024x1024.png\" class=\"attachment-large size-large wp-image-17\" alt=\"\" srcset=\"https:\/\/armoniapartments.hu\/wp-content\/uploads\/2025\/10\/armoni-logo_9-1024x1024.png 1024w, https:\/\/armoniapartments.hu\/wp-content\/uploads\/2025\/10\/armoni-logo_9-300x300.png 300w, https:\/\/armoniapartments.hu\/wp-content\/uploads\/2025\/10\/armoni-logo_9-150x150.png 150w, https:\/\/armoniapartments.hu\/wp-content\/uploads\/2025\/10\/armoni-logo_9-768x768.png 768w, https:\/\/armoniapartments.hu\/wp-content\/uploads\/2025\/10\/armoni-logo_9-1536x1536.png 1536w, https:\/\/armoniapartments.hu\/wp-content\/uploads\/2025\/10\/armoni-logo_9-2048x2048.png 2048w\" sizes=\"(max-width: 800px) 100vw, 800px\" \/>\t\t\t\t\t\t\t\t\t\t\t\t\t\t\t<\/div>\n\t\t\t\t<div class=\"elementor-element elementor-element-a5a7aec elementor-widget elementor-widget-heading\" data-id=\"a5a7aec\" data-element_type=\"widget\" data-widget_type=\"heading.default\">\n\t\t\t\t\t<h3 class=\"elementor-heading-title elementor-size-default\">Informationen<\/h3>\t\t\t\t<\/div>\n\t\t\t\t<div class=\"elementor-element elementor-element-d7d1b56 elementor-widget elementor-widget-text-editor\" data-id=\"d7d1b56\" data-element_type=\"widget\" data-widget_type=\"text-editor.default\">\n\t\t\t\t\t\t\t\t\t<p>Alles, was Sie vor Ihrer Ankunft wissen sollten \u2013 an einem Ort.<\/p>\t\t\t\t\t\t\t\t<\/div>\n\t\t\t\t\t<\/div>\n\t\t<\/div>\n\t\t\t\t\t<\/div>\n\t\t<\/section>\n\t\t\t\t<section class=\"elementor-section elementor-top-section elementor-element elementor-element-fac06e6 elementor-section-boxed elementor-section-height-default elementor-section-height-default\" data-id=\"fac06e6\" data-element_type=\"section\">\n\t\t\t\t\t\t<div class=\"elementor-container elementor-column-gap-default\">\n\t\t\t\t\t<div class=\"elementor-column elementor-col-50 elementor-top-column elementor-element elementor-element-323dc06\" data-id=\"323dc06\" data-element_type=\"column\">\n\t\t\t<div class=\"elementor-widget-wrap elementor-element-populated\">\n\t\t\t\t\t\t<div class=\"elementor-element elementor-element-641c62d elementor-widget__width-inherit elementor-invisible elementor-widget elementor-widget-image\" data-id=\"641c62d\" data-element_type=\"widget\" data-settings=\"{&quot;_animation&quot;:&quot;fadeInLeft&quot;}\" data-widget_type=\"image.default\">\n\t\t\t\t\t\t\t\t\t\t\t\t\t\t\t<img decoding=\"async\" width=\"1052\" height=\"1453\" src=\"https:\/\/armoniapartments.hu\/wp-content\/uploads\/2025\/10\/LV4A1410.jpg\" class=\"attachment-full size-full wp-image-260\" alt=\"\" srcset=\"https:\/\/armoniapartments.hu\/wp-content\/uploads\/2025\/10\/LV4A1410.jpg 1052w, https:\/\/armoniapartments.hu\/wp-content\/uploads\/2025\/10\/LV4A1410-217x300.jpg 217w, https:\/\/armoniapartments.hu\/wp-content\/uploads\/2025\/10\/LV4A1410-741x1024.jpg 741w, https:\/\/armoniapartments.hu\/wp-content\/uploads\/2025\/10\/LV4A1410-768x1061.jpg 768w\" sizes=\"(max-width: 1052px) 100vw, 1052px\" \/>\t\t\t\t\t\t\t\t\t\t\t\t\t\t\t<\/div>\n\t\t\t\t\t<\/div>\n\t\t<\/div>\n\t\t\t\t<div class=\"elementor-column elementor-col-50 elementor-top-column elementor-element elementor-element-7daf918\" data-id=\"7daf918\" data-element_type=\"column\">\n\t\t\t<div class=\"elementor-widget-wrap elementor-element-populated\">\n\t\t\t\t\t\t<div class=\"elementor-element elementor-element-ece41c8 elementor-widget elementor-widget-heading\" data-id=\"ece41c8\" data-element_type=\"widget\" data-widget_type=\"heading.default\">\n\t\t\t\t\t<h4 class=\"elementor-heading-title elementor-size-default\">Wichtige Informationen f\u00fcr einen entspannten Aufenthalt<\/h4>\t\t\t\t<\/div>\n\t\t\t\t<div class=\"elementor-element elementor-element-8bdca9c elementor-widget elementor-widget-text-editor\" data-id=\"8bdca9c\" data-element_type=\"widget\" data-widget_type=\"text-editor.default\">\n\t\t\t\t\t\t\t\t\t<p>Armoni Apartments \u2013 drei einzigartige Welten, eine gemeinsame Harmonie \nStellen Sie sich vor, Sie kommen nach einem langen Tag an, schlie\u00dfen die T\u00fcr hinter sich \u2013 und alles wird still. \nDie Safit Mandala, Escape und Bliss Apartments wurden f\u00fcr all jene geschaffen, die dem Alltag entfliehen und an einem Ort entspannen m\u00f6chten, an dem sich alles um Ruhe, Komfort und Harmonie dreht. \nIm Herzen von Mosonmagyar\u00f3v\u00e1r, in der N\u00e4he des Flexum Thermal &amp; Spa, erwarten wir Sie mit moderner Ausstattung, naturnaher Atmosph\u00e4re und liebevollen Details \u2013 damit jeder Moment ganz Ihrem Wohlbefinden dient.<\/p><p>Sehensw\u00fcrdigkeiten und Freizeitm\u00f6glichkeiten in der Stadt:<\/p><ul><li data-start=\"1157\" data-end=\"1212\"><p data-start=\"1159\" data-end=\"1212\">\u00d3v\u00e1ri Burg:\nDie renovierte \u00d3v\u00e1ri Burg, die seit \u00fcber 200 Jahren als Hochschule dient, bietet mit ihrem Ausstellungsbereich, Caf\u00e9, Souvenirshop sowie der gepflegten, begehbaren Umgebung ein einzigartiges kulturelles Erlebnis im Herzen von Mosonmagyar\u00f3v\u00e1r.<\/p><\/li><li data-start=\"1157\" data-end=\"1212\">Flexum Thermal &amp; Spa:\nDas Flexum Thermal &amp; Spa empf\u00e4ngt seine G\u00e4ste mit einem der f\u00fcnf besten Heilw\u00e4sser Europas, sieben ganzj\u00e4hrig betriebenen Becken mit unterschiedlichen Temperaturen sowie einer Saunawelt, therapeutischen Behandlungen und familienfreundlichen Angeboten.<\/li><\/ul><p>\u00a0<\/p><p>Armoni ist der perfekte Ausgangspunkt, um die Region zu entdecken.\nDank der N\u00e4he zur \u00f6sterreichischen und slowakischen Grenze erwarten Sie zahlreiche Programme, Spazierg\u00e4nge und Ausflugsm\u00f6glichkeiten \u2013 nur eine kurze Fahrt entfernt.<\/p>\t\t\t\t\t\t\t\t<\/div>\n\t\t\t\t\t<\/div>\n\t\t<\/div>\n\t\t\t\t\t<\/div>\n\t\t<\/section>\n\t\t\t\t<section class=\"elementor-section elementor-top-section elementor-element elementor-element-e040529 elementor-reverse-mobile elementor-section-boxed elementor-section-height-default elementor-section-height-default\" data-id=\"e040529\" data-element_type=\"section\">\n\t\t\t\t\t\t<div class=\"elementor-container elementor-column-gap-default\">\n\t\t\t\t\t<div class=\"elementor-column elementor-col-50 elementor-top-column elementor-element elementor-element-faf4e71\" data-id=\"faf4e71\" data-element_type=\"column\">\n\t\t\t<div class=\"elementor-widget-wrap elementor-element-populated\">\n\t\t\t\t\t\t<div class=\"elementor-element elementor-element-9e04cf5 elementor-widget elementor-widget-heading\" data-id=\"9e04cf5\" data-element_type=\"widget\" data-widget_type=\"heading.default\">\n\t\t\t\t\t<h4 class=\"elementor-heading-title elementor-size-default\">5 Dinge, die Sie wissen sollten<\/h4>\t\t\t\t<\/div>\n\t\t\t\t<div class=\"elementor-element elementor-element-8ede813 elementor-widget elementor-widget-text-editor\" data-id=\"8ede813\" data-element_type=\"widget\" data-widget_type=\"text-editor.default\">\n\t\t\t\t\t\t\t\t\t<ul style=\"font-weight: 400;\"><li>Top-Lage<\/li><li>Voller Komfort<\/li><li>Wohnliche Atmosph\u00e4re<\/li><li>Einfache Anreise<\/li><li>Erlebnis jeden Tag: Restaurants, Caf\u00e9s und Sehensw\u00fcrdigkeiten in unmittelbarer N\u00e4he.<\/li><\/ul>\t\t\t\t\t\t\t\t<\/div>\n\t\t\t\t\t<\/div>\n\t\t<\/div>\n\t\t\t\t<div class=\"elementor-column elementor-col-50 elementor-top-column elementor-element elementor-element-b3465ad\" data-id=\"b3465ad\" data-element_type=\"column\">\n\t\t\t<div class=\"elementor-widget-wrap elementor-element-populated\">\n\t\t\t\t\t\t<div class=\"elementor-element elementor-element-05aa515 elementor-widget__width-inherit elementor-invisible elementor-widget elementor-widget-image\" data-id=\"05aa515\" data-element_type=\"widget\" data-settings=\"{&quot;_animation&quot;:&quot;fadeInLeft&quot;}\" data-widget_type=\"image.default\">\n\t\t\t\t\t\t\t\t\t\t\t\t\t\t\t<img decoding=\"async\" width=\"1309\" height=\"883\" src=\"https:\/\/armoniapartments.hu\/wp-content\/uploads\/2025\/10\/LV4A1331-HDR.jpg\" class=\"attachment-full size-full wp-image-270\" alt=\"\" srcset=\"https:\/\/armoniapartments.hu\/wp-content\/uploads\/2025\/10\/LV4A1331-HDR.jpg 1309w, https:\/\/armoniapartments.hu\/wp-content\/uploads\/2025\/10\/LV4A1331-HDR-300x202.jpg 300w, https:\/\/armoniapartments.hu\/wp-content\/uploads\/2025\/10\/LV4A1331-HDR-1024x691.jpg 1024w, https:\/\/armoniapartments.hu\/wp-content\/uploads\/2025\/10\/LV4A1331-HDR-768x518.jpg 768w\" sizes=\"(max-width: 1309px) 100vw, 1309px\" \/>\t\t\t\t\t\t\t\t\t\t\t\t\t\t\t<\/div>\n\t\t\t\t\t<\/div>\n\t\t<\/div>\n\t\t\t\t\t<\/div>\n\t\t<\/section>\n\t\t\t\t<section class=\"elementor-section elementor-top-section elementor-element elementor-element-6a6e204 elementor-section-boxed elementor-section-height-default elementor-section-height-default\" data-id=\"6a6e204\" data-element_type=\"section\">\n\t\t\t\t\t\t<div class=\"elementor-container elementor-column-gap-default\">\n\t\t\t\t\t<div class=\"elementor-column elementor-col-50 elementor-top-column elementor-element elementor-element-d7b9a9b\" data-id=\"d7b9a9b\" data-element_type=\"column\">\n\t\t\t<div class=\"elementor-widget-wrap elementor-element-populated\">\n\t\t\t\t\t\t<div class=\"elementor-element elementor-element-5ee97d0 elementor-widget elementor-widget-heading\" data-id=\"5ee97d0\" data-element_type=\"widget\" data-widget_type=\"heading.default\">\n\t\t\t\t\t<h3 class=\"elementor-heading-title elementor-size-default\">Wichtige Informationen<\/h3>\t\t\t\t<\/div>\n\t\t\t\t<div class=\"elementor-element elementor-element-30c1995 elementor-icon-list--layout-traditional elementor-list-item-link-full_width elementor-widget elementor-widget-icon-list\" data-id=\"30c1995\" data-element_type=\"widget\" data-widget_type=\"icon-list.default\">\n\t\t\t\t\t\t\t<ul class=\"elementor-icon-list-items\">\n\t\t\t\t\t\t\t<li class=\"elementor-icon-list-item\">\n\t\t\t\t\t\t\t\t\t\t\t<span class=\"elementor-icon-list-icon\">\n\t\t\t\t\t\t\t<svg aria-hidden=\"true\" class=\"e-font-icon-svg e-fas-sign-in-alt\" viewbox=\"0 0 512 512\" xmlns=\"http:\/\/www.w3.org\/2000\/svg\"><path d=\"M416 448h-84c-6.6 0-12-5.4-12-12v-40c0-6.6 5.4-12 12-12h84c17.7 0 32-14.3 32-32V160c0-17.7-14.3-32-32-32h-84c-6.6 0-12-5.4-12-12V76c0-6.6 5.4-12 12-12h84c53 0 96 43 96 96v192c0 53-43 96-96 96zm-47-201L201 79c-15-15-41-4.5-41 17v96H24c-13.3 0-24 10.7-24 24v96c0 13.3 10.7 24 24 24h136v96c0 21.5 26 32 41 17l168-168c9.3-9.4 9.3-24.6 0-34z\"><\/path><\/svg>\t\t\t\t\t\t<\/span>\n\t\t\t\t\t\t\t\t\t\t<span class=\"elementor-icon-list-text\">Check-in: 15:00\u201322:00<\/span>\n\t\t\t\t\t\t\t\t\t<\/li>\n\t\t\t\t\t\t\t\t<li class=\"elementor-icon-list-item\">\n\t\t\t\t\t\t\t\t\t\t\t<span class=\"elementor-icon-list-icon\">\n\t\t\t\t\t\t\t<svg aria-hidden=\"true\" class=\"e-font-icon-svg e-fas-sign-out-alt\" viewbox=\"0 0 512 512\" xmlns=\"http:\/\/www.w3.org\/2000\/svg\"><path d=\"M497 273L329 441c-15 15-41 4.5-41-17v-96H152c-13.3 0-24-10.7-24-24v-96c0-13.3 10.7-24 24-24h136V88c0-21.4 25.9-32 41-17l168 168c9.3 9.4 9.3 24.6 0 34zM192 436v-40c0-6.6-5.4-12-12-12H96c-17.7 0-32-14.3-32-32V160c0-17.7 14.3-32 32-32h84c6.6 0 12-5.4 12-12V76c0-6.6-5.4-12-12-12H96c-53 0-96 43-96 96v192c0 53 43 96 96 96h84c6.6 0 12-5.4 12-12z\"><\/path><\/svg>\t\t\t\t\t\t<\/span>\n\t\t\t\t\t\t\t\t\t\t<span class=\"elementor-icon-list-text\">Check-out: bis 10:00<\/span>\n\t\t\t\t\t\t\t\t\t<\/li>\n\t\t\t\t\t\t\t\t<li class=\"elementor-icon-list-item\">\n\t\t\t\t\t\t\t\t\t\t\t<span class=\"elementor-icon-list-icon\">\n\t\t\t\t\t\t\t<svg aria-hidden=\"true\" class=\"e-font-icon-svg e-fas-paw\" viewbox=\"0 0 512 512\" xmlns=\"http:\/\/www.w3.org\/2000\/svg\"><path d=\"M256 224c-79.41 0-192 122.76-192 200.25 0 34.9 26.81 55.75 71.74 55.75 48.84 0 81.09-25.08 120.26-25.08 39.51 0 71.85 25.08 120.26 25.08 44.93 0 71.74-20.85 71.74-55.75C448 346.76 335.41 224 256 224zm-147.28-12.61c-10.4-34.65-42.44-57.09-71.56-50.13-29.12 6.96-44.29 40.69-33.89 75.34 10.4 34.65 42.44 57.09 71.56 50.13 29.12-6.96 44.29-40.69 33.89-75.34zm84.72-20.78c30.94-8.14 46.42-49.94 34.58-93.36s-46.52-72.01-77.46-63.87-46.42 49.94-34.58 93.36c11.84 43.42 46.53 72.02 77.46 63.87zm281.39-29.34c-29.12-6.96-61.15 15.48-71.56 50.13-10.4 34.65 4.77 68.38 33.89 75.34 29.12 6.96 61.15-15.48 71.56-50.13 10.4-34.65-4.77-68.38-33.89-75.34zm-156.27 29.34c30.94 8.14 65.62-20.45 77.46-63.87 11.84-43.42-3.64-85.21-34.58-93.36s-65.62 20.45-77.46 63.87c-11.84 43.42 3.64 85.22 34.58 93.36z\"><\/path><\/svg>\t\t\t\t\t\t<\/span>\n\t\t\t\t\t\t\t\t\t\t<span class=\"elementor-icon-list-text\">Haustiere sind ausschlie\u00dflich im Safit Mandala Apartment erlaubt<\/span>\n\t\t\t\t\t\t\t\t\t<\/li>\n\t\t\t\t\t\t<\/ul>\n\t\t\t\t\t\t<\/div>\n\t\t\t\t<div class=\"elementor-element elementor-element-1ed1a0e elementor-widget elementor-widget-text-editor\" data-id=\"1ed1a0e\" data-element_type=\"widget\" data-widget_type=\"text-editor.default\">\n\t\t\t\t\t\t\t\t\t<p>Die f\u00fcr den Check-in notwendigen Informationen sowie eine Parkhilfe senden wir Ihnen nach der Buchung zu.<\/p>\t\t\t\t\t\t\t\t<\/div>\n\t\t\t\t<div class=\"elementor-element elementor-element-17b8573 elementor-widget elementor-widget-heading\" data-id=\"17b8573\" data-element_type=\"widget\" data-widget_type=\"heading.default\">\n\t\t\t\t\t<h3 class=\"elementor-heading-title elementor-size-default\">Wo befinden sich die Apartments?<\/h3>\t\t\t\t<\/div>\n\t\t\t\t<div class=\"elementor-element elementor-element-26aa58b elementor-widget elementor-widget-text-editor\" data-id=\"26aa58b\" data-element_type=\"widget\" data-widget_type=\"text-editor.default\">\n\t\t\t\t\t\t\t\t\t<p>Bliss \u00e9s Escape Apartman: 9200 Mosonmagyar\u00f3v\u00e1r T\u00edm\u00e1r utca 6.<\/p><p>Safit Mandala Apartman: 9200 Mosonmagyar\u00f3v\u00e1r Templom utca 1.<\/p>\t\t\t\t\t\t\t\t<\/div>\n\t\t\t\t\t<\/div>\n\t\t<\/div>\n\t\t\t\t<div class=\"elementor-column elementor-col-50 elementor-top-column elementor-element elementor-element-df00222\" data-id=\"df00222\" data-element_type=\"column\">\n\t\t\t<div class=\"elementor-widget-wrap elementor-element-populated\">\n\t\t\t\t\t\t<div class=\"elementor-element elementor-element-12ba522 elementor-widget__width-inherit elementor-invisible elementor-widget elementor-widget-image\" data-id=\"12ba522\" data-element_type=\"widget\" data-settings=\"{&quot;_animation&quot;:&quot;fadeInRight&quot;}\" data-widget_type=\"image.default\">\n\t\t\t\t\t\t\t\t\t\t\t\t\t\t\t<img loading=\"lazy\" decoding=\"async\" width=\"1098\" height=\"1647\" src=\"https:\/\/armoniapartments.hu\/wp-content\/uploads\/2025\/10\/LV4A0205.jpg\" class=\"attachment-full size-full wp-image-447\" alt=\"\" srcset=\"https:\/\/armoniapartments.hu\/wp-content\/uploads\/2025\/10\/LV4A0205.jpg 1098w, https:\/\/armoniapartments.hu\/wp-content\/uploads\/2025\/10\/LV4A0205-200x300.jpg 200w, https:\/\/armoniapartments.hu\/wp-content\/uploads\/2025\/10\/LV4A0205-683x1024.jpg 683w, https:\/\/armoniapartments.hu\/wp-content\/uploads\/2025\/10\/LV4A0205-768x1152.jpg 768w, https:\/\/armoniapartments.hu\/wp-content\/uploads\/2025\/10\/LV4A0205-1024x1536.jpg 1024w\" sizes=\"(max-width: 1098px) 100vw, 1098px\" \/>\t\t\t\t\t\t\t\t\t\t\t\t\t\t\t<\/div>\n\t\t\t\t\t<\/div>\n\t\t<\/div>\n\t\t\t\t\t<\/div>\n\t\t<\/section>\n\t\t\t\t<\/div>","protected":false},"excerpt":{"rendered":"<p>Inform\u00e1ci\u00f3k Minden, amit tudni szeretn\u00e9l az \u00e9rkez\u00e9s el\u0151tt, egy helyen. tudnival\u00f3k a k\u00e9nyelmes pihen\u00e9shez A Safit Mandala, az Escape \u00e9s a Bliss apartmanokat azok sz\u00e1m\u00e1ra hoztuk l\u00e9tre, akik szeretn\u00e9nek kiszakadni a mindennapokb\u00f3l, \u00e9s egy olyan helyen pihenni, ahol minden a nyugalomr\u00f3l, k\u00e9nyelemr\u0151l \u00e9s harm\u00f3ni\u00e1r\u00f3l sz\u00f3l. Mosonmagyar\u00f3v\u00e1r sz\u00edv\u00e9ben, a Flexum Thermal &amp; Spa k\u00f6zel\u00e9ben v\u00e1rjuk \u00d6nt [&hellip;]<\/p>\n","protected":false},"author":1,"featured_media":0,"parent":0,"menu_order":0,"comment_status":"closed","ping_status":"closed","template":"","meta":{"footnotes":""},"class_list":["post-38","page","type-page","status-publish","hentry"],"_links":{"self":[{"href":"https:\/\/armoniapartments.hu\/de\/wp-json\/wp\/v2\/pages\/38","targetHints":{"allow":["GET"]}}],"collection":[{"href":"https:\/\/armoniapartments.hu\/de\/wp-json\/wp\/v2\/pages"}],"about":[{"href":"https:\/\/armoniapartments.hu\/de\/wp-json\/wp\/v2\/types\/page"}],"author":[{"embeddable":true,"href":"https:\/\/armoniapartments.hu\/de\/wp-json\/wp\/v2\/users\/1"}],"replies":[{"embeddable":true,"href":"https:\/\/armoniapartments.hu\/de\/wp-json\/wp\/v2\/comments?post=38"}],"version-history":[{"count":133,"href":"https:\/\/armoniapartments.hu\/de\/wp-json\/wp\/v2\/pages\/38\/revisions"}],"predecessor-version":[{"id":1365,"href":"https:\/\/armoniapartments.hu\/de\/wp-json\/wp\/v2\/pages\/38\/revisions\/1365"}],"wp:attachment":[{"href":"https:\/\/armoniapartments.hu\/de\/wp-json\/wp\/v2\/media?parent=38"}],"curies":[{"name":"wp","href":"https:\/\/api.w.org\/{rel}","templated":true}]}}