{"id":33,"date":"2025-10-09T09:41:59","date_gmt":"2025-10-09T09:41:59","guid":{"rendered":"https:\/\/armoniapartments.hu\/?page_id=33"},"modified":"2026-04-16T09:23:55","modified_gmt":"2026-04-16T09:23:55","slug":"fooldal","status":"publish","type":"page","link":"https:\/\/armoniapartments.hu\/de\/","title":{"rendered":"F\u0151oldal"},"content":{"rendered":"<div data-elementor-type=\"wp-page\" data-elementor-id=\"33\" class=\"elementor elementor-33\" data-elementor-post-type=\"page\">\n\t\t\t\t\t\t<section class=\"elementor-section elementor-top-section elementor-element elementor-element-69bfc4d elementor-section-full_width elementor-section-height-min-height elementor-section-height-default elementor-section-items-middle\" data-id=\"69bfc4d\" data-element_type=\"section\">\n\t\t\t\t\t\t<div class=\"elementor-container elementor-column-gap-no\">\n\t\t\t\t\t<div class=\"elementor-column elementor-col-100 elementor-top-column elementor-element elementor-element-03b54a9\" data-id=\"03b54a9\" data-element_type=\"column\">\n\t\t\t<div class=\"elementor-widget-wrap elementor-element-populated\">\n\t\t\t\t\t\t<div class=\"elementor-element elementor-element-3761087 elementor-widget__width-inherit elementor--h-position-center elementor--v-position-middle elementor-arrows-position-inside elementor-pagination-position-inside elementor-widget elementor-widget-slides\" data-id=\"3761087\" data-element_type=\"widget\" data-settings=\"{&quot;navigation&quot;:&quot;both&quot;,&quot;autoplay&quot;:&quot;yes&quot;,&quot;pause_on_hover&quot;:&quot;yes&quot;,&quot;pause_on_interaction&quot;:&quot;yes&quot;,&quot;autoplay_speed&quot;:5000,&quot;infinite&quot;:&quot;yes&quot;,&quot;transition&quot;:&quot;slide&quot;,&quot;transition_speed&quot;:500}\" data-widget_type=\"slides.default\">\n\t\t\t\t\t\t\t\t\t\t<div class=\"elementor-slides-wrapper elementor-main-swiper swiper\" role=\"region\" aria-roledescription=\"carousel\" aria-label=\"Slides\" dir=\"ltr\" data-animation=\"fadeInUp\">\n\t\t\t\t<div class=\"swiper-wrapper elementor-slides\">\n\t\t\t\t\t\t\t\t\t\t<div class=\"elementor-repeater-item-7f99ecf swiper-slide\" role=\"group\" aria-roledescription=\"slide\"><div class=\"swiper-slide-bg\" role=\"img\" aria-label=\"LV4A0195\"><\/div><div class=\"elementor-background-overlay\"><\/div><div class=\"swiper-slide-inner\" ><div class=\"swiper-slide-contents\"><div class=\"elementor-slide-heading translation-block\">Wo Ruhe und Harmonie Sie neu umarmen<\/div><\/div><\/div><\/div>\t\t\t\t<\/div>\n\t\t\t\t\t\t\t<\/div>\n\t\t\t\t\t\t\t\t<\/div>\n\t\t\t\t\t<\/div>\n\t\t<\/div>\n\t\t\t\t\t<\/div>\n\t\t<\/section>\n\t\t\t\t<section class=\"elementor-section elementor-top-section elementor-element elementor-element-2dcf798 elementor-section-boxed elementor-section-height-default elementor-section-height-default\" data-id=\"2dcf798\" data-element_type=\"section\">\n\t\t\t\t\t\t<div class=\"elementor-container elementor-column-gap-default\">\n\t\t\t\t\t<div class=\"elementor-column elementor-col-100 elementor-top-column elementor-element elementor-element-429c6d2\" data-id=\"429c6d2\" data-element_type=\"column\">\n\t\t\t<div class=\"elementor-widget-wrap elementor-element-populated\">\n\t\t\t\t\t\t<div class=\"elementor-element elementor-element-da3d9d7 elementor-widget elementor-widget-image\" data-id=\"da3d9d7\" data-element_type=\"widget\" data-widget_type=\"image.default\">\n\t\t\t\t\t\t\t\t\t\t\t\t\t\t\t<img fetchpriority=\"high\" decoding=\"async\" width=\"800\" height=\"800\" src=\"https:\/\/armoniapartments.hu\/wp-content\/uploads\/2025\/10\/armoni-logo_9-1024x1024.png\" class=\"attachment-large size-large wp-image-17\" alt=\"\" srcset=\"https:\/\/armoniapartments.hu\/wp-content\/uploads\/2025\/10\/armoni-logo_9-1024x1024.png 1024w, https:\/\/armoniapartments.hu\/wp-content\/uploads\/2025\/10\/armoni-logo_9-300x300.png 300w, https:\/\/armoniapartments.hu\/wp-content\/uploads\/2025\/10\/armoni-logo_9-150x150.png 150w, https:\/\/armoniapartments.hu\/wp-content\/uploads\/2025\/10\/armoni-logo_9-768x768.png 768w, https:\/\/armoniapartments.hu\/wp-content\/uploads\/2025\/10\/armoni-logo_9-1536x1536.png 1536w, https:\/\/armoniapartments.hu\/wp-content\/uploads\/2025\/10\/armoni-logo_9-2048x2048.png 2048w\" sizes=\"(max-width: 800px) 100vw, 800px\" \/>\t\t\t\t\t\t\t\t\t\t\t\t\t\t\t<\/div>\n\t\t\t\t<section class=\"elementor-section elementor-inner-section elementor-element elementor-element-6d33712 elementor-section-boxed elementor-section-height-default elementor-section-height-default\" data-id=\"6d33712\" data-element_type=\"section\">\n\t\t\t\t\t\t<div class=\"elementor-container elementor-column-gap-default\">\n\t\t\t\t\t<div class=\"elementor-column elementor-col-50 elementor-inner-column elementor-element elementor-element-9e91e04\" data-id=\"9e91e04\" data-element_type=\"column\">\n\t\t\t<div class=\"elementor-widget-wrap elementor-element-populated\">\n\t\t\t\t\t\t<div class=\"elementor-element elementor-element-2b4b9ec elementor-widget elementor-widget-heading\" data-id=\"2b4b9ec\" data-element_type=\"widget\" data-widget_type=\"heading.default\">\n\t\t\t\t\t<h3 class=\"elementor-heading-title elementor-size-default\">Armoni Apartments:<\/h3>\t\t\t\t<\/div>\n\t\t\t\t\t<\/div>\n\t\t<\/div>\n\t\t\t\t<div class=\"elementor-column elementor-col-50 elementor-inner-column elementor-element elementor-element-7d08964\" data-id=\"7d08964\" data-element_type=\"column\">\n\t\t\t<div class=\"elementor-widget-wrap elementor-element-populated\">\n\t\t\t\t\t\t<div class=\"elementor-element elementor-element-c66a58c elementor-widget elementor-widget-text-editor\" data-id=\"c66a58c\" data-element_type=\"widget\" data-widget_type=\"text-editor.default\">\n\t\t\t\t\t\t\t\t\t<p class=\"translation-block\">Die Armoni Apartments zeigen drei unterschiedliche Facetten der Ruhe. \nW\u00e4hlen Sie das, das Sie am meisten anspricht \u2013 in jedem werden Sie sich wie zu Hause f\u00fchlen.<\/p>\t\t\t\t\t\t\t\t<\/div>\n\t\t\t\t<div class=\"elementor-element elementor-element-c660b30 elementor-mobile-align-center elementor-widget elementor-widget-button\" data-id=\"c660b30\" data-element_type=\"widget\" data-widget_type=\"button.default\">\n\t\t\t\t\t\t\t\t\t\t<a class=\"elementor-button elementor-button-link elementor-size-sm\" href=\"https:\/\/armoniapartments.hu\/de\/apartmanjaink\/\">\n\t\t\t\t\t\t<span class=\"elementor-button-content-wrapper\">\n\t\t\t\t\t\t\t\t\t<span class=\"elementor-button-text\">Weiter<\/span>\n\t\t\t\t\t<\/span>\n\t\t\t\t\t<\/a>\n\t\t\t\t\t\t\t\t<\/div>\n\t\t\t\t\t<\/div>\n\t\t<\/div>\n\t\t\t\t\t<\/div>\n\t\t<\/section>\n\t\t\t\t\t<\/div>\n\t\t<\/div>\n\t\t\t\t\t<\/div>\n\t\t<\/section>\n\t\t\t\t<section class=\"elementor-section elementor-top-section elementor-element elementor-element-bf5285e elementor-section-full_width elementor-section-height-default elementor-section-height-default\" data-id=\"bf5285e\" data-element_type=\"section\">\n\t\t\t\t\t\t<div class=\"elementor-container elementor-column-gap-no\">\n\t\t\t\t\t<div class=\"elementor-column elementor-col-100 elementor-top-column elementor-element elementor-element-97602c6\" data-id=\"97602c6\" data-element_type=\"column\">\n\t\t\t<div class=\"elementor-widget-wrap elementor-element-populated\">\n\t\t\t\t\t\t<div class=\"elementor-element elementor-element-0d95a4a elementor-widget__width-inherit elementor--h-position-center elementor--v-position-middle elementor-arrows-position-inside elementor-pagination-position-inside elementor-widget elementor-widget-slides\" data-id=\"0d95a4a\" data-element_type=\"widget\" data-settings=\"{&quot;navigation&quot;:&quot;both&quot;,&quot;autoplay&quot;:&quot;yes&quot;,&quot;pause_on_hover&quot;:&quot;yes&quot;,&quot;pause_on_interaction&quot;:&quot;yes&quot;,&quot;autoplay_speed&quot;:5000,&quot;infinite&quot;:&quot;yes&quot;,&quot;transition&quot;:&quot;slide&quot;,&quot;transition_speed&quot;:500}\" data-widget_type=\"slides.default\">\n\t\t\t\t\t\t\t\t\t\t<div class=\"elementor-slides-wrapper elementor-main-swiper swiper\" role=\"region\" aria-roledescription=\"carousel\" aria-label=\"Slides\" dir=\"ltr\" data-animation=\"fadeInUp\">\n\t\t\t\t<div class=\"swiper-wrapper elementor-slides\">\n\t\t\t\t\t\t\t\t\t\t<div class=\"elementor-repeater-item-859b679 swiper-slide\" role=\"group\" aria-roledescription=\"slide\"><div class=\"swiper-slide-bg\" role=\"img\" aria-label=\"LV4A0242-HDR\"><\/div><div class=\"swiper-slide-inner\" ><div class=\"swiper-slide-contents\"><\/div><\/div><\/div>\t\t\t\t<\/div>\n\t\t\t\t\t\t\t<\/div>\n\t\t\t\t\t\t\t\t<\/div>\n\t\t\t\t\t<\/div>\n\t\t<\/div>\n\t\t\t\t\t<\/div>\n\t\t<\/section>\n\t\t\t\t<section class=\"elementor-section elementor-top-section elementor-element elementor-element-9d16601 elementor-section-boxed elementor-section-height-default elementor-section-height-default\" data-id=\"9d16601\" data-element_type=\"section\" data-settings=\"{&quot;background_background&quot;:&quot;classic&quot;}\">\n\t\t\t\t\t\t<div class=\"elementor-container elementor-column-gap-default\">\n\t\t\t\t\t<div class=\"elementor-column elementor-col-100 elementor-top-column elementor-element elementor-element-eb403c0 elementor-invisible\" data-id=\"eb403c0\" data-element_type=\"column\" data-settings=\"{&quot;animation&quot;:&quot;fadeInUp&quot;}\">\n\t\t\t<div class=\"elementor-widget-wrap elementor-element-populated\">\n\t\t\t\t\t\t<div class=\"elementor-element elementor-element-3bc1fe4 elementor-widget elementor-widget-heading\" data-id=\"3bc1fe4\" data-element_type=\"widget\" data-widget_type=\"heading.default\">\n\t\t\t\t\t<h3 class=\"elementor-heading-title elementor-size-default\">Warum sollten Sie unsere Apartments w\u00e4hlen?<\/h3>\t\t\t\t<\/div>\n\t\t\t\t<section class=\"elementor-section elementor-inner-section elementor-element elementor-element-de5f1b8 elementor-section-boxed elementor-section-height-default elementor-section-height-default\" data-id=\"de5f1b8\" data-element_type=\"section\">\n\t\t\t\t\t\t<div class=\"elementor-container elementor-column-gap-default\">\n\t\t\t\t\t<div class=\"elementor-column elementor-col-25 elementor-inner-column elementor-element elementor-element-69cd8d8\" data-id=\"69cd8d8\" data-element_type=\"column\">\n\t\t\t<div class=\"elementor-widget-wrap elementor-element-populated\">\n\t\t\t\t\t\t<div class=\"elementor-element elementor-element-26f9de7 elementor-view-default elementor-position-top elementor-mobile-position-top elementor-widget elementor-widget-icon-box\" data-id=\"26f9de7\" data-element_type=\"widget\" data-widget_type=\"icon-box.default\">\n\t\t\t\t\t\t\t<div class=\"elementor-icon-box-wrapper\">\n\n\t\t\t\t\t\t<div class=\"elementor-icon-box-icon\">\n\t\t\t\t<span  class=\"elementor-icon\">\n\t\t\t\t<svg xmlns=\"http:\/\/www.w3.org\/2000\/svg\" id=\"R&#xE9;teg_1\" viewbox=\"0 0 200 200\"><defs><style>      .st0 {        fill: #d9b779;      }    <\/style><\/defs><path class=\"st0\" d=\"M100.16,16.65l11.28,19.56,7.22-4.16h-.01L100.16.01l-18.51,32.03,7.21,4.18,11.29-19.57ZM45.35,66.36l-7.78-29.01,29.02,7.77,2.15-8.04h0s-42.94-11.5-42.94-11.5l11.5,42.93,8.04-2.16ZM36.22,111.12l-19.58-11.29,19.56-11.3-4.16-7.21L0,99.84l32.04,18.51,4.17-7.22ZM37.35,162.4l7.78-29-8.04-2.16-11.51,42.93,42.94-11.49-2.15-8.06-29.01,7.77ZM99.83,183.34l-11.29-19.56-7.2,4.17,18.48,32.04,18.52-32.04-7.2-4.17-11.31,19.56ZM154.64,133.64l7.77,29-29.01-7.76-2.15,8.04h-.02l42.98,11.52-11.52-42.96-8.05,2.16ZM167.93,118.66h0l32.07-18.51-32.07-18.5-4.15,7.21,19.55,11.29-19.55,11.29,4.15,7.22ZM162.92,68.74h0,0ZM162.65,37.59l-7.78,29.01,8.04,2.15,11.51-42.94-42.95,11.5,2.16,8.06,29.01-7.77ZM46.73,100.01c0,29.4,23.84,53.24,53.27,53.24s53.26-23.84,53.26-53.24-23.84-53.28-53.26-53.28-53.27,23.85-53.27,53.28ZM144.94,100.01c-.05,24.82-20.12,44.89-44.94,44.93-24.82-.04-44.89-20.11-44.94-44.93.05-24.83,20.12-44.9,44.94-44.95,24.82.05,44.89,20.12,44.94,44.95Z\"><\/path><\/svg>\t\t\t\t<\/span>\n\t\t\t<\/div>\n\t\t\t\n\t\t\t\t\t\t<div class=\"elementor-icon-box-content\">\n\n\t\t\t\t\t\t\t\t\t<h4 class=\"elementor-icon-box-title\">\n\t\t\t\t\t\t<span  >\n\t\t\t\t\t\t\tEntspannung\t\t\t\t\t\t<\/span>\n\t\t\t\t\t<\/h4>\n\t\t\t\t\n\t\t\t\t\n\t\t\t<\/div>\n\t\t\t\n\t\t<\/div>\n\t\t\t\t\t\t<\/div>\n\t\t\t\t\t<\/div>\n\t\t<\/div>\n\t\t\t\t<div class=\"elementor-column elementor-col-25 elementor-inner-column elementor-element elementor-element-2aa5c2c\" data-id=\"2aa5c2c\" data-element_type=\"column\">\n\t\t\t<div class=\"elementor-widget-wrap elementor-element-populated\">\n\t\t\t\t\t\t<div class=\"elementor-element elementor-element-adcc140 elementor-view-default elementor-position-top elementor-mobile-position-top elementor-widget elementor-widget-icon-box\" data-id=\"adcc140\" data-element_type=\"widget\" data-widget_type=\"icon-box.default\">\n\t\t\t\t\t\t\t<div class=\"elementor-icon-box-wrapper\">\n\n\t\t\t\t\t\t<div class=\"elementor-icon-box-icon\">\n\t\t\t\t<span  class=\"elementor-icon\">\n\t\t\t\t<svg xmlns=\"http:\/\/www.w3.org\/2000\/svg\" id=\"R&#xE9;teg_1\" viewbox=\"0 0 200 200\"><defs><style>      .st0 {        fill: #d9b779;      }    <\/style><\/defs><path class=\"st0\" d=\"M145.38,8.57c-18.91,0-35.59,9.64-45.38,24.28-9.82-14.64-26.5-24.28-45.4-24.28C24.48,8.57,0,33.08,0,63.2c0,10.39,1.25,17.4,8.41,29.14,6.23,10.22,71.43,81.82,84.43,96.05,1.77,1.95,4.28,3.04,6.92,3.04h0c2.65,0,5.16-1.09,6.9-3.02,13.14-14.39,79.01-86.59,84.87-96,7.07-11.35,8.47-19.31,8.47-29.2,0-30.12-24.53-54.62-54.62-54.62ZM183.55,87.48c-5.67,9.15-83.8,94.6-83.8,94.6,0,0-77.27-84.65-83.32-94.6-6.08-9.94-7.08-15.35-7.08-24.28,0-24.98,20.3-45.24,45.25-45.24s45.26,20.26,45.26,45.24h.29c0-24.98,20.25-45.24,45.23-45.24s45.22,20.26,45.22,45.24c0,8.93-1.33,15.12-7.04,24.28Z\"><\/path><\/svg>\t\t\t\t<\/span>\n\t\t\t<\/div>\n\t\t\t\n\t\t\t\t\t\t<div class=\"elementor-icon-box-content\">\n\n\t\t\t\t\t\t\t\t\t<h4 class=\"elementor-icon-box-title\">\n\t\t\t\t\t\t<span  >\n\t\t\t\t\t\t\tWohnlicher Komfort\t\t\t\t\t\t<\/span>\n\t\t\t\t\t<\/h4>\n\t\t\t\t\n\t\t\t\t\n\t\t\t<\/div>\n\t\t\t\n\t\t<\/div>\n\t\t\t\t\t\t<\/div>\n\t\t\t\t\t<\/div>\n\t\t<\/div>\n\t\t\t\t<div class=\"elementor-column elementor-col-25 elementor-inner-column elementor-element elementor-element-7b63bd6\" data-id=\"7b63bd6\" data-element_type=\"column\">\n\t\t\t<div class=\"elementor-widget-wrap elementor-element-populated\">\n\t\t\t\t\t\t<div class=\"elementor-element elementor-element-d1a91ab elementor-view-default elementor-position-top elementor-mobile-position-top elementor-widget elementor-widget-icon-box\" data-id=\"d1a91ab\" data-element_type=\"widget\" data-widget_type=\"icon-box.default\">\n\t\t\t\t\t\t\t<div class=\"elementor-icon-box-wrapper\">\n\n\t\t\t\t\t\t<div class=\"elementor-icon-box-icon\">\n\t\t\t\t<span  class=\"elementor-icon\">\n\t\t\t\t<svg xmlns=\"http:\/\/www.w3.org\/2000\/svg\" id=\"R&#xE9;teg_1\" viewbox=\"0 0 200 200\"><defs><style>      .st0 {        fill: #d9b779;      }    <\/style><\/defs><path class=\"st0\" d=\"M173.19,67.93c0-13.3-8.45-25.05-20.64-29.49.49-2.16.7-4.35.7-6.53,0-17.3-14.08-31.35-31.36-31.35-7.87,0-15.31,2.91-21.04,8.09-5.78-5.54-13.43-8.64-21.62-8.64-17.28,0-31.35,14.06-31.35,31.34,0,2.26.25,4.51.74,6.74-12.87,4.07-21.79,15.95-21.79,29.85s9.31,26.05,22.32,29.99c-.49,2.17-.73,4.37-.73,6.56,0,17.3,14.08,31.37,31.38,31.37,6.2,0,12.12-1.83,17.17-5.15v69.29h8.44v-18.6c5.53,7.02,16.34,11.7,29.02,11.7,18.51,0,33.03-9.96,33.03-22.65s-14.52-22.71-33.03-22.71c-12.68,0-23.49,4.67-29.02,11.71v-28.85c4.9,3.05,10.57,4.71,16.49,4.71,17.29,0,31.36-14.06,31.36-31.35,0-2.2-.22-4.37-.7-6.51,12.2-4.47,20.64-16.22,20.64-29.49ZM134.41,156.16c13.33,0,24.6,6.52,24.6,14.28s-11.27,14.24-24.6,14.24-24.61-6.52-24.61-14.24,11.28-14.28,24.61-14.28ZM146.47,90.38l-4.84.98,1.72,4.63c.97,2.59,1.47,5.27,1.47,7.94,0,12.65-10.29,22.94-22.95,22.94-6.79,0-13.21-3.02-17.6-8.26l-3.32-3.96-3.21,4.06c-4.4,5.52-10.95,8.71-17.96,8.71-12.65,0-22.95-10.29-22.95-22.95,0-2.74.52-5.51,1.54-8.19l1.9-4.98-5.26-.71c-11.28-1.54-19.78-11.29-19.78-22.66s8.14-20.87,19.33-22.63l5.16-.8-1.88-4.89c-1.03-2.68-1.58-5.47-1.58-8.27,0-12.64,10.3-22.93,22.95-22.93,7.18,0,13.82,3.29,18.2,9.02l3.26,4.25,3.36-4.17c4.38-5.43,10.89-8.55,17.84-8.55,12.66,0,22.95,10.28,22.95,22.93,0,2.67-.5,5.34-1.47,7.95l-1.72,4.61,4.84.98c10.59,2.18,18.3,11.63,18.3,22.48s-7.7,20.26-18.3,22.45Z\"><\/path><path class=\"st0\" d=\"M100,38.8c-16.06,0-29.14,13.05-29.14,29.14s13.08,29.15,29.14,29.15,29.15-13.08,29.15-29.15-13.06-29.14-29.15-29.14ZM100,88.64c-11.44,0-20.72-9.29-20.72-20.71s9.28-20.73,20.72-20.73,20.72,9.3,20.72,20.73-9.3,20.71-20.72,20.71Z\"><\/path><\/svg>\t\t\t\t<\/span>\n\t\t\t<\/div>\n\t\t\t\n\t\t\t\t\t\t<div class=\"elementor-icon-box-content\">\n\n\t\t\t\t\t\t\t\t\t<h4 class=\"elementor-icon-box-title\">\n\t\t\t\t\t\t<span  >\n\t\t\t\t\t\t\tNaturverbundenes Erlebnis\t\t\t\t\t\t<\/span>\n\t\t\t\t\t<\/h4>\n\t\t\t\t\n\t\t\t\t\n\t\t\t<\/div>\n\t\t\t\n\t\t<\/div>\n\t\t\t\t\t\t<\/div>\n\t\t\t\t\t<\/div>\n\t\t<\/div>\n\t\t\t\t<div class=\"elementor-column elementor-col-25 elementor-inner-column elementor-element elementor-element-204aed6\" data-id=\"204aed6\" data-element_type=\"column\">\n\t\t\t<div class=\"elementor-widget-wrap elementor-element-populated\">\n\t\t\t\t\t\t<div class=\"elementor-element elementor-element-ab6a350 elementor-view-default elementor-position-top elementor-mobile-position-top elementor-widget elementor-widget-icon-box\" data-id=\"ab6a350\" data-element_type=\"widget\" data-widget_type=\"icon-box.default\">\n\t\t\t\t\t\t\t<div class=\"elementor-icon-box-wrapper\">\n\n\t\t\t\t\t\t<div class=\"elementor-icon-box-icon\">\n\t\t\t\t<span  class=\"elementor-icon\">\n\t\t\t\t<svg xmlns=\"http:\/\/www.w3.org\/2000\/svg\" id=\"R&#xE9;teg_1\" viewbox=\"0 0 200 200\"><defs><style>      .st0 {        fill: #d9b779;      }    <\/style><\/defs><path class=\"st0\" d=\"M198.92,18.49l-.8-7.06-6.71,2.31c-.34.25-81.79,27.76-113.85,57.59-21.04,19.71-26.64,41.5-26.58,57.91.02,16.31,5.2,27.46,5.41,27.94.19.41.42.81.71,1.15.07.17.16.34.25.5h0c1.15,2.01,2.5,4.06,3.99,6.03-9.74,3.97-18.99,6.83-25.5,8.09-13.28,2.66-23.27,3.37-30.16,3.37-3.14,0-5.68,2.54-5.68,5.67s2.54,5.7,5.68,5.7c7.68,0,18.43-.8,32.37-3.6,8.38-1.68,19.75-5.26,31.48-10.36,9.5,8.51,22.42,14.77,37.75,14.83h.07c18.63,0,39.74-9.58,60.77-33.89,27.81-32.42,31.76-82.26,31.87-111.8,0-14.58-1.06-24.24-1.08-24.38ZM159.55,147.23c-19.73,22.68-37.64,29.96-52.26,29.98-10.11.04-19.07-3.65-26.28-8.9,5.98-3.08,11.85-6.52,17.21-10.3,21.44-15.34,52.7-46.39,64.95-69.78,1.44-2.8.34-6.23-2.45-7.66-2.78-1.45-6.22-.35-7.65,2.45h-.01c-10.33,20.29-41.6,51.78-61.41,65.7-5.86,4.19-12.63,7.99-19.52,11.32-1.88-2.23-3.57-4.51-4.88-6.83-.14-.26-.31-.49-.48-.72-.02-.04-.04-.07-.05-.11,0-.02-.2-.41-.59-1.46-1.21-3.21-3.76-11.3-3.76-21.68.07-14,4.36-32.01,23.01-49.63,13.88-13.16,41.62-27.33,65.55-37.71,15.46-6.75,29.34-12.02,37.27-14.92.23,3.97.45,9.4.45,15.9.11,28.45-4.59,76.33-29.08,104.35Z\"><\/path><\/svg>\t\t\t\t<\/span>\n\t\t\t<\/div>\n\t\t\t\n\t\t\t\t\t\t<div class=\"elementor-icon-box-content\">\n\n\t\t\t\t\t\t\t\t\t<h4 class=\"elementor-icon-box-title\">\n\t\t\t\t\t\t<span  >\n\t\t\t\t\t\t\tHochwertige Erholung\t\t\t\t\t\t<\/span>\n\t\t\t\t\t<\/h4>\n\t\t\t\t\n\t\t\t\t\n\t\t\t<\/div>\n\t\t\t\n\t\t<\/div>\n\t\t\t\t\t\t<\/div>\n\t\t\t\t\t<\/div>\n\t\t<\/div>\n\t\t\t\t\t<\/div>\n\t\t<\/section>\n\t\t\t\t<div class=\"elementor-element elementor-element-7f94228 elementor-align-center elementor-widget elementor-widget-button\" data-id=\"7f94228\" data-element_type=\"widget\" data-widget_type=\"button.default\">\n\t\t\t\t\t\t\t\t\t\t<a class=\"elementor-button elementor-button-link elementor-size-sm\" href=\"https:\/\/armoniapartments.hu\/de\/apartmanjaink\/\">\n\t\t\t\t\t\t<span class=\"elementor-button-content-wrapper\">\n\t\t\t\t\t\t\t\t\t<span class=\"elementor-button-text\">Weiter<\/span>\n\t\t\t\t\t<\/span>\n\t\t\t\t\t<\/a>\n\t\t\t\t\t\t\t\t<\/div>\n\t\t\t\t\t<\/div>\n\t\t<\/div>\n\t\t\t\t\t<\/div>\n\t\t<\/section>\n\t\t\t\t<section class=\"elementor-section elementor-top-section elementor-element elementor-element-ef317c6 elementor-section-boxed elementor-section-height-default elementor-section-height-default\" data-id=\"ef317c6\" data-element_type=\"section\">\n\t\t\t\t\t\t<div class=\"elementor-container elementor-column-gap-default\">\n\t\t\t\t\t<div class=\"elementor-column elementor-col-100 elementor-top-column elementor-element elementor-element-51ae8d5\" data-id=\"51ae8d5\" data-element_type=\"column\">\n\t\t\t<div class=\"elementor-widget-wrap elementor-element-populated\">\n\t\t\t\t\t\t<section class=\"elementor-section elementor-inner-section elementor-element elementor-element-c1ec405 elementor-section-boxed elementor-section-height-default elementor-section-height-default\" data-id=\"c1ec405\" data-element_type=\"section\">\n\t\t\t\t\t\t<div class=\"elementor-container elementor-column-gap-default\">\n\t\t\t\t\t<div class=\"elementor-column elementor-col-25 elementor-inner-column elementor-element elementor-element-13c7edc\" data-id=\"13c7edc\" data-element_type=\"column\">\n\t\t\t<div class=\"elementor-widget-wrap elementor-element-populated\">\n\t\t\t\t\t\t<div class=\"elementor-element elementor-element-5d8bf03 elementor-widget elementor-widget-text-editor\" data-id=\"5d8bf03\" data-element_type=\"widget\" data-widget_type=\"text-editor.default\">\n\t\t\t\t\t\t\t\t\t<p>\u201eStilvoll, komfortabel \u2013 perfekt, wenn man sich mit seinem Partner ein wenig zur\u00fcckziehen m\u00f6chte. Wir haben das Apartment praktisch gar nicht verlassen.\u201d \u2013 Vikt\u00f3ria<\/p>\t\t\t\t\t\t\t\t<\/div>\n\t\t\t\t\t<\/div>\n\t\t<\/div>\n\t\t\t\t<div class=\"elementor-column elementor-col-25 elementor-inner-column elementor-element elementor-element-0e4038e\" data-id=\"0e4038e\" data-element_type=\"column\">\n\t\t\t<div class=\"elementor-widget-wrap elementor-element-populated\">\n\t\t\t\t\t\t<div class=\"elementor-element elementor-element-39f67bc elementor-widget elementor-widget-text-editor\" data-id=\"39f67bc\" data-element_type=\"widget\" data-widget_type=\"text-editor.default\">\n\t\t\t\t\t\t\t\t\t<p>\u201eDas Apartment garantiert perfekte Erholung. Geschmackvoll eingerichtet, alles vorhanden, was man braucht. Besonders gefallen haben uns die Infrasauna, die gro\u00dfe Badewanne und die Leseecke.\u201d \u2013 M\u00f3nika<\/p>\t\t\t\t\t\t\t\t<\/div>\n\t\t\t\t\t<\/div>\n\t\t<\/div>\n\t\t\t\t<div class=\"elementor-column elementor-col-25 elementor-inner-column elementor-element elementor-element-682fce5\" data-id=\"682fce5\" data-element_type=\"column\">\n\t\t\t<div class=\"elementor-widget-wrap elementor-element-populated\">\n\t\t\t\t\t\t<div class=\"elementor-element elementor-element-35c9b86 elementor-widget elementor-widget-text-editor\" data-id=\"35c9b86\" data-element_type=\"widget\" data-widget_type=\"text-editor.default\">\n\t\t\t\t\t\t\t\t\t<p>\u201eKomfortables, sauberes und stilvoll eingerichtetes Apartment. Alles vorhanden, was man f\u00fcr eine mehrt\u00e4gige Auszeit braucht.\u201d \u2013 Szilvia<\/p>\t\t\t\t\t\t\t\t<\/div>\n\t\t\t\t\t<\/div>\n\t\t<\/div>\n\t\t\t\t<div class=\"elementor-column elementor-col-25 elementor-inner-column elementor-element elementor-element-7e3ea8c\" data-id=\"7e3ea8c\" data-element_type=\"column\">\n\t\t\t<div class=\"elementor-widget-wrap elementor-element-populated\">\n\t\t\t\t\t\t<div class=\"elementor-element elementor-element-10bc0bf elementor-widget elementor-widget-text-editor\" data-id=\"10bc0bf\" data-element_type=\"widget\" data-widget_type=\"text-editor.default\">\n\t\t\t\t\t\t\t\t\t<p>\u201eRuhige, entspannte Umgebung. Restaurants, Gesch\u00e4fte, Burg, Museen und die Promenade sind in der N\u00e4he. Der Gastgeber ist hilfsbereit. Die Unterkunft ist komfortabel.\u201d \u2013 Lajos<\/p>\t\t\t\t\t\t\t\t<\/div>\n\t\t\t\t\t<\/div>\n\t\t<\/div>\n\t\t\t\t\t<\/div>\n\t\t<\/section>\n\t\t\t\t\t<\/div>\n\t\t<\/div>\n\t\t\t\t\t<\/div>\n\t\t<\/section>\n\t\t\t\t<\/div>","protected":false},"excerpt":{"rendered":"<p>Ahol a csend \u00e9s a harm\u00f3nia \u00fajra megtal\u00e1lja \u00d6nt. Armoni apartmanok Az Armoni apartmanok a nyugalom h\u00e1rom k\u00fcl\u00f6nb\u00f6z\u0151 arc\u00e1t mutatj\u00e1k meg.V\u00e1lassza azt, amelyik legink\u00e1bb megsz\u00f3l\u00edtja \u2013 mindegyikben otthon \u00e9rezheti mag\u00e1t. tov\u00e1bb az apartmanokhoz Mi\u00e9rt v\u00e1lassza apartmanjainkat? Kikapcsol\u00f3d\u00e1s Otthonos k\u00e9nyelem Term\u00e9szetk\u00f6zeli \u00e9lm\u00e9ny Min\u0151s\u00e9gi pihen\u00e9s tov\u00e1bb az apartmanokhoz \u201e\u00cdzl\u00e9ses, k\u00e9nyelmes, t\u00f6k\u00e9letes, ha a p\u00e1roddal el akarsz vonulni [&hellip;]<\/p>\n","protected":false},"author":1,"featured_media":0,"parent":0,"menu_order":0,"comment_status":"closed","ping_status":"closed","template":"","meta":{"footnotes":""},"class_list":["post-33","page","type-page","status-publish","hentry"],"_links":{"self":[{"href":"https:\/\/armoniapartments.hu\/de\/wp-json\/wp\/v2\/pages\/33","targetHints":{"allow":["GET"]}}],"collection":[{"href":"https:\/\/armoniapartments.hu\/de\/wp-json\/wp\/v2\/pages"}],"about":[{"href":"https:\/\/armoniapartments.hu\/de\/wp-json\/wp\/v2\/types\/page"}],"author":[{"embeddable":true,"href":"https:\/\/armoniapartments.hu\/de\/wp-json\/wp\/v2\/users\/1"}],"replies":[{"embeddable":true,"href":"https:\/\/armoniapartments.hu\/de\/wp-json\/wp\/v2\/comments?post=33"}],"version-history":[{"count":181,"href":"https:\/\/armoniapartments.hu\/de\/wp-json\/wp\/v2\/pages\/33\/revisions"}],"predecessor-version":[{"id":1629,"href":"https:\/\/armoniapartments.hu\/de\/wp-json\/wp\/v2\/pages\/33\/revisions\/1629"}],"wp:attachment":[{"href":"https:\/\/armoniapartments.hu\/de\/wp-json\/wp\/v2\/media?parent=33"}],"curies":[{"name":"wp","href":"https:\/\/api.w.org\/{rel}","templated":true}]}}