{"id":28,"date":"2025-10-09T09:41:32","date_gmt":"2025-10-09T09:41:32","guid":{"rendered":"https:\/\/armoniapartments.hu\/?page_id=28"},"modified":"2025-10-15T09:07:42","modified_gmt":"2025-10-15T09:07:42","slug":"apartmanjaink","status":"publish","type":"page","link":"https:\/\/armoniapartments.hu\/de\/apartmanjaink\/","title":{"rendered":"Unsere Apartments"},"content":{"rendered":"<div data-elementor-type=\"wp-page\" data-elementor-id=\"28\" class=\"elementor elementor-28\" data-elementor-post-type=\"page\">\n\t\t\t\t\t\t<section class=\"elementor-section elementor-top-section elementor-element elementor-element-d3bdbe1 elementor-section-full_width elementor-section-height-min-height elementor-section-height-default elementor-section-items-middle\" data-id=\"d3bdbe1\" data-element_type=\"section\">\n\t\t\t\t\t\t<div class=\"elementor-container elementor-column-gap-no\">\n\t\t\t\t\t<div class=\"elementor-column elementor-col-100 elementor-top-column elementor-element elementor-element-3a49787\" data-id=\"3a49787\" data-element_type=\"column\">\n\t\t\t<div class=\"elementor-widget-wrap elementor-element-populated\">\n\t\t\t\t\t\t<div class=\"elementor-element elementor-element-cbfd616 elementor--h-position-center elementor--v-position-middle elementor-arrows-position-inside elementor-pagination-position-inside elementor-widget elementor-widget-slides\" data-id=\"cbfd616\" data-element_type=\"widget\" data-settings=\"{&quot;navigation&quot;:&quot;both&quot;,&quot;autoplay&quot;:&quot;yes&quot;,&quot;pause_on_hover&quot;:&quot;yes&quot;,&quot;pause_on_interaction&quot;:&quot;yes&quot;,&quot;autoplay_speed&quot;:5000,&quot;infinite&quot;:&quot;yes&quot;,&quot;transition&quot;:&quot;slide&quot;,&quot;transition_speed&quot;:500}\" data-widget_type=\"slides.default\">\n\t\t\t\t\t\t\t\t\t\t<div class=\"elementor-slides-wrapper elementor-main-swiper swiper\" role=\"region\" aria-roledescription=\"carousel\" aria-label=\"Slides\" dir=\"ltr\" data-animation=\"fadeInUp\">\n\t\t\t\t<div class=\"swiper-wrapper elementor-slides\">\n\t\t\t\t\t\t\t\t\t\t<div class=\"elementor-repeater-item-db2439c swiper-slide\" role=\"group\" aria-roledescription=\"slide\"><div class=\"swiper-slide-bg\" role=\"img\" aria-label=\"LV4A0186\"><\/div><div class=\"elementor-background-overlay\"><\/div><div class=\"swiper-slide-inner\" ><div class=\"swiper-slide-contents\"><\/div><\/div><\/div>\t\t\t\t<\/div>\n\t\t\t\t\t\t\t<\/div>\n\t\t\t\t\t\t\t\t<\/div>\n\t\t\t\t\t<\/div>\n\t\t<\/div>\n\t\t\t\t\t<\/div>\n\t\t<\/section>\n\t\t\t\t<section class=\"elementor-section elementor-top-section elementor-element elementor-element-0bf4e15 elementor-section-boxed elementor-section-height-default elementor-section-height-default\" data-id=\"0bf4e15\" data-element_type=\"section\">\n\t\t\t\t\t\t<div class=\"elementor-container elementor-column-gap-default\">\n\t\t\t\t\t<div class=\"elementor-column elementor-col-100 elementor-top-column elementor-element elementor-element-b2bba14\" data-id=\"b2bba14\" data-element_type=\"column\">\n\t\t\t<div class=\"elementor-widget-wrap elementor-element-populated\">\n\t\t\t\t\t\t<div class=\"elementor-element elementor-element-cdc2b41 elementor-widget elementor-widget-image\" data-id=\"cdc2b41\" data-element_type=\"widget\" data-widget_type=\"image.default\">\n\t\t\t\t\t\t\t\t\t\t\t\t\t\t\t<img fetchpriority=\"high\" decoding=\"async\" width=\"800\" height=\"800\" src=\"https:\/\/armoniapartments.hu\/wp-content\/uploads\/2025\/10\/armoni-logo_9-1024x1024.png\" class=\"attachment-large size-large wp-image-17\" alt=\"\" srcset=\"https:\/\/armoniapartments.hu\/wp-content\/uploads\/2025\/10\/armoni-logo_9-1024x1024.png 1024w, https:\/\/armoniapartments.hu\/wp-content\/uploads\/2025\/10\/armoni-logo_9-300x300.png 300w, https:\/\/armoniapartments.hu\/wp-content\/uploads\/2025\/10\/armoni-logo_9-150x150.png 150w, https:\/\/armoniapartments.hu\/wp-content\/uploads\/2025\/10\/armoni-logo_9-768x768.png 768w, https:\/\/armoniapartments.hu\/wp-content\/uploads\/2025\/10\/armoni-logo_9-1536x1536.png 1536w, https:\/\/armoniapartments.hu\/wp-content\/uploads\/2025\/10\/armoni-logo_9-2048x2048.png 2048w\" sizes=\"(max-width: 800px) 100vw, 800px\" \/>\t\t\t\t\t\t\t\t\t\t\t\t\t\t\t<\/div>\n\t\t\t\t<div class=\"elementor-element elementor-element-0ed5459 elementor-widget elementor-widget-heading\" data-id=\"0ed5459\" data-element_type=\"widget\" data-widget_type=\"heading.default\">\n\t\t\t\t\t<h3 class=\"elementor-heading-title elementor-size-default\">Unsere Apartments<\/h3>\t\t\t\t<\/div>\n\t\t\t\t<div class=\"elementor-element elementor-element-8924322 elementor-grid-2 elementor-grid-tablet-2 elementor-grid-mobile-1 elementor-posts--thumbnail-top elementor-widget elementor-widget-posts\" data-id=\"8924322\" data-element_type=\"widget\" data-settings=\"{&quot;classic_columns&quot;:&quot;2&quot;,&quot;classic_row_gap&quot;:{&quot;unit&quot;:&quot;px&quot;,&quot;size&quot;:50,&quot;sizes&quot;:[]},&quot;classic_columns_tablet&quot;:&quot;2&quot;,&quot;classic_columns_mobile&quot;:&quot;1&quot;,&quot;classic_row_gap_tablet&quot;:{&quot;unit&quot;:&quot;px&quot;,&quot;size&quot;:&quot;&quot;,&quot;sizes&quot;:[]},&quot;classic_row_gap_mobile&quot;:{&quot;unit&quot;:&quot;px&quot;,&quot;size&quot;:&quot;&quot;,&quot;sizes&quot;:[]}}\" data-widget_type=\"posts.classic\">\n\t\t\t\t<div class=\"elementor-widget-container\">\n\t\t\t\t\t\t\t<div class=\"elementor-posts-container elementor-posts elementor-posts--skin-classic elementor-grid\" role=\"list\">\n\t\t\t\t<article class=\"elementor-post elementor-grid-item post-805 post type-post status-publish format-standard has-post-thumbnail hentry category-uncategorized\" role=\"listitem\">\n\t\t\t\t<a class=\"elementor-post__thumbnail__link\" href=\"https:\/\/armoniapartments.hu\/de\/armoni-safit-mandala\/\" tabindex=\"-1\" >\n\t\t\t<div class=\"elementor-post__thumbnail\"><img decoding=\"async\" width=\"1454\" height=\"932\" src=\"https:\/\/armoniapartments.hu\/wp-content\/uploads\/2025\/10\/LV4A1334-HDR-2.jpg\" class=\"attachment-full size-full wp-image-815\" alt=\"\" srcset=\"https:\/\/armoniapartments.hu\/wp-content\/uploads\/2025\/10\/LV4A1334-HDR-2.jpg 1454w, https:\/\/armoniapartments.hu\/wp-content\/uploads\/2025\/10\/LV4A1334-HDR-2-300x192.jpg 300w, https:\/\/armoniapartments.hu\/wp-content\/uploads\/2025\/10\/LV4A1334-HDR-2-1024x656.jpg 1024w, https:\/\/armoniapartments.hu\/wp-content\/uploads\/2025\/10\/LV4A1334-HDR-2-768x492.jpg 768w\" sizes=\"(max-width: 1454px) 100vw, 1454px\" \/><\/div>\n\t\t<\/a>\n\t\t\t\t<div class=\"elementor-post__text\">\n\t\t\t\t<h3 class=\"elementor-post__title\">\n\t\t\t<a href=\"https:\/\/armoniapartments.hu\/de\/armoni-safit-mandala\/\" >\n\t\t\t\tArmoni- Safit Mandala\t\t\t<\/a>\n\t\t<\/h3>\n\t\t\t\t<div class=\"elementor-post__excerpt\">\n\t\t\t<p>Das Safit Mandala ist ein Ort der Ruhe und Ausgeglichenheit. Mit seinen klaren R\u00e4umen, nat\u00fcrlichen Materialien und dem komfortablen Design ist es die ideale Wahl f\u00fcr alle, die nach Stille, Erholung oder einem R\u00fcckzugsort suchen.<\/p>\n\t\t<\/div>\n\t\t\n\t\t<a class=\"elementor-post__read-more\" href=\"https:\/\/armoniapartments.hu\/de\/armoni-safit-mandala\/\" aria-label=\"Read more about Armoni- Safit Mandala\" tabindex=\"-1\" >\n\t\t\tApartment ansehen\t\t<\/a>\n\n\t\t\t\t<\/div>\n\t\t\t\t<\/article>\n\t\t\t\t<article class=\"elementor-post elementor-grid-item post-792 post type-post status-publish format-standard has-post-thumbnail hentry category-uncategorized\" role=\"listitem\">\n\t\t\t\t<a class=\"elementor-post__thumbnail__link\" href=\"https:\/\/armoniapartments.hu\/de\/armoni-bliss\/\" tabindex=\"-1\" >\n\t\t\t<div class=\"elementor-post__thumbnail\"><img decoding=\"async\" width=\"1784\" height=\"1124\" src=\"https:\/\/armoniapartments.hu\/wp-content\/uploads\/2025\/10\/LV4A0062-HDR.jpg\" class=\"attachment-full size-full wp-image-415\" alt=\"\" srcset=\"https:\/\/armoniapartments.hu\/wp-content\/uploads\/2025\/10\/LV4A0062-HDR.jpg 1784w, https:\/\/armoniapartments.hu\/wp-content\/uploads\/2025\/10\/LV4A0062-HDR-300x189.jpg 300w, https:\/\/armoniapartments.hu\/wp-content\/uploads\/2025\/10\/LV4A0062-HDR-1024x645.jpg 1024w, https:\/\/armoniapartments.hu\/wp-content\/uploads\/2025\/10\/LV4A0062-HDR-768x484.jpg 768w, https:\/\/armoniapartments.hu\/wp-content\/uploads\/2025\/10\/LV4A0062-HDR-1536x968.jpg 1536w\" sizes=\"(max-width: 1784px) 100vw, 1784px\" \/><\/div>\n\t\t<\/a>\n\t\t\t\t<div class=\"elementor-post__text\">\n\t\t\t\t<h3 class=\"elementor-post__title\">\n\t\t\t<a href=\"https:\/\/armoniapartments.hu\/de\/armoni-bliss\/\" >\n\t\t\t\tArmoni- Bliss\t\t\t<\/a>\n\t\t<\/h3>\n\t\t\t\t<div class=\"elementor-post__excerpt\">\n\t\t\t<p>Das Bliss Apartment ist ein Zuhause voller Leichtigkeit und Lebensfreude. Helle Farben, nat\u00fcrliche Materialien und freundliche R\u00e4ume helfen dabei, dem hektischen Alltag zu entfliehen. Die ideale Wahl f\u00fcr alle, die sich nach ruhiger Erholung, neuer Energie oder ein paar entspannten Tagen zu zweit sehnen.<\/p>\n\t\t<\/div>\n\t\t\n\t\t<a class=\"elementor-post__read-more\" href=\"https:\/\/armoniapartments.hu\/de\/armoni-bliss\/\" aria-label=\"Read more about Armoni- Bliss\" tabindex=\"-1\" >\n\t\t\tApartment ansehen\t\t<\/a>\n\n\t\t\t\t<\/div>\n\t\t\t\t<\/article>\n\t\t\t\t<article class=\"elementor-post elementor-grid-item post-336 post type-post status-publish format-standard has-post-thumbnail hentry category-uncategorized\" role=\"listitem\">\n\t\t\t\t<a class=\"elementor-post__thumbnail__link\" href=\"https:\/\/armoniapartments.hu\/de\/armoni-escape\/\" tabindex=\"-1\" >\n\t\t\t<div class=\"elementor-post__thumbnail\"><img loading=\"lazy\" decoding=\"async\" width=\"1584\" height=\"1002\" src=\"https:\/\/armoniapartments.hu\/wp-content\/uploads\/2025\/10\/LV4A0153-HDR.jpg\" class=\"attachment-full size-full wp-image-426\" alt=\"\" srcset=\"https:\/\/armoniapartments.hu\/wp-content\/uploads\/2025\/10\/LV4A0153-HDR.jpg 1584w, https:\/\/armoniapartments.hu\/wp-content\/uploads\/2025\/10\/LV4A0153-HDR-300x190.jpg 300w, https:\/\/armoniapartments.hu\/wp-content\/uploads\/2025\/10\/LV4A0153-HDR-1024x648.jpg 1024w, https:\/\/armoniapartments.hu\/wp-content\/uploads\/2025\/10\/LV4A0153-HDR-768x486.jpg 768w, https:\/\/armoniapartments.hu\/wp-content\/uploads\/2025\/10\/LV4A0153-HDR-1536x972.jpg 1536w\" sizes=\"(max-width: 1584px) 100vw, 1584px\" \/><\/div>\n\t\t<\/a>\n\t\t\t\t<div class=\"elementor-post__text\">\n\t\t\t\t<h3 class=\"elementor-post__title\">\n\t\t\t<a href=\"https:\/\/armoniapartments.hu\/de\/armoni-escape\/\" >\n\t\t\t\tArmoni- Escape\t\t\t<\/a>\n\t\t<\/h3>\n\t\t\t\t<div class=\"elementor-post__excerpt\">\n\t\t\t<p>Das Escape Apartment ist ein Ort der ruhigen Auszeit. Sein klares und zugleich charakterstarkes Design hilft dabei, dem Alltag zu entfliehen, w\u00e4hrend die komfortablen R\u00e4ume und die warme Atmosph\u00e4re ein echtes Zuhause schaffen \u2013 f\u00fcr alle, die Ruhe, Inspiration oder einfach einen Moment zum Durchatmen suchen.<\/p>\n\t\t<\/div>\n\t\t\n\t\t<a class=\"elementor-post__read-more\" href=\"https:\/\/armoniapartments.hu\/de\/armoni-escape\/\" aria-label=\"Read more about Armoni- Escape\" tabindex=\"-1\" >\n\t\t\tApartment ansehen\t\t<\/a>\n\n\t\t\t\t<\/div>\n\t\t\t\t<\/article>\n\t\t\t\t<\/div>\n\t\t\n\t\t\t\t\t\t<\/div>\n\t\t\t\t<\/div>\n\t\t\t\t\t<\/div>\n\t\t<\/div>\n\t\t\t\t\t<\/div>\n\t\t<\/section>\n\t\t\t\t<section class=\"elementor-section elementor-top-section elementor-element elementor-element-933fd9f elementor-section-boxed elementor-section-height-default elementor-section-height-default\" data-id=\"933fd9f\" data-element_type=\"section\">\n\t\t\t\t\t\t<div class=\"elementor-container elementor-column-gap-default\">\n\t\t\t\t\t<div class=\"elementor-column elementor-col-100 elementor-top-column elementor-element elementor-element-0a385fd\" data-id=\"0a385fd\" data-element_type=\"column\">\n\t\t\t<div class=\"elementor-widget-wrap elementor-element-populated\">\n\t\t\t\t\t\t<div class=\"elementor-element elementor-element-19ab603 elementor-widget elementor-widget-image\" data-id=\"19ab603\" data-element_type=\"widget\" data-widget_type=\"image.default\">\n\t\t\t\t\t\t\t\t\t\t\t\t\t\t\t<img loading=\"lazy\" decoding=\"async\" width=\"800\" height=\"136\" src=\"https:\/\/armoniapartments.hu\/wp-content\/uploads\/2025\/10\/armoni-logo_5-1024x174.png\" class=\"attachment-large size-large wp-image-149\" alt=\"\" srcset=\"https:\/\/armoniapartments.hu\/wp-content\/uploads\/2025\/10\/armoni-logo_5-1024x174.png 1024w, https:\/\/armoniapartments.hu\/wp-content\/uploads\/2025\/10\/armoni-logo_5-300x51.png 300w, https:\/\/armoniapartments.hu\/wp-content\/uploads\/2025\/10\/armoni-logo_5-768x130.png 768w, https:\/\/armoniapartments.hu\/wp-content\/uploads\/2025\/10\/armoni-logo_5-1536x261.png 1536w, https:\/\/armoniapartments.hu\/wp-content\/uploads\/2025\/10\/armoni-logo_5-2048x348.png 2048w\" sizes=\"(max-width: 800px) 100vw, 800px\" \/>\t\t\t\t\t\t\t\t\t\t\t\t\t\t\t<\/div>\n\t\t\t\t<div class=\"elementor-element elementor-element-8064665 elementor-widget elementor-widget-heading\" data-id=\"8064665\" data-element_type=\"widget\" data-widget_type=\"heading.default\">\n\t\t\t\t\t<h6 class=\"elementor-heading-title elementor-size-default\">Drei Facetten von Ruhe und Geborgenheit: Mandala, Escape und Bliss<\/h6>\t\t\t\t<\/div>\n\t\t\t\t\t<\/div>\n\t\t<\/div>\n\t\t\t\t\t<\/div>\n\t\t<\/section>\n\t\t\t\t<\/div>","protected":false},"excerpt":{"rendered":"<p>Apartmanjaink A nyugalom \u00e9s otthonoss\u00e1g h\u00e1rom arca: Mandala, Escape \u00e9s Bliss.<\/p>","protected":false},"author":1,"featured_media":0,"parent":0,"menu_order":0,"comment_status":"closed","ping_status":"closed","template":"","meta":{"footnotes":""},"class_list":["post-28","page","type-page","status-publish","hentry"],"_links":{"self":[{"href":"https:\/\/armoniapartments.hu\/de\/wp-json\/wp\/v2\/pages\/28","targetHints":{"allow":["GET"]}}],"collection":[{"href":"https:\/\/armoniapartments.hu\/de\/wp-json\/wp\/v2\/pages"}],"about":[{"href":"https:\/\/armoniapartments.hu\/de\/wp-json\/wp\/v2\/types\/page"}],"author":[{"embeddable":true,"href":"https:\/\/armoniapartments.hu\/de\/wp-json\/wp\/v2\/users\/1"}],"replies":[{"embeddable":true,"href":"https:\/\/armoniapartments.hu\/de\/wp-json\/wp\/v2\/comments?post=28"}],"version-history":[{"count":85,"href":"https:\/\/armoniapartments.hu\/de\/wp-json\/wp\/v2\/pages\/28\/revisions"}],"predecessor-version":[{"id":757,"href":"https:\/\/armoniapartments.hu\/de\/wp-json\/wp\/v2\/pages\/28\/revisions\/757"}],"wp:attachment":[{"href":"https:\/\/armoniapartments.hu\/de\/wp-json\/wp\/v2\/media?parent=28"}],"curies":[{"name":"wp","href":"https:\/\/api.w.org\/{rel}","templated":true}]}}